{"id":1324,"date":"2025-12-19T12:58:20","date_gmt":"2025-12-19T12:58:20","guid":{"rendered":"http:\/\/futamuragroup.com\/?page_id=1324"},"modified":"2026-02-18T14:22:58","modified_gmt":"2026-02-18T14:22:58","slug":"vision-mission-values","status":"publish","type":"page","link":"https:\/\/www.futamuragroup.com\/es\/about\/vision-mission-values\/","title":{"rendered":"Visi\u00f3n, Misi\u00f3n, Valores"},"content":{"rendered":"<div data-elementor-type=\"wp-page\" data-elementor-id=\"1324\" class=\"elementor elementor-1324\" data-elementor-settings=\"{&quot;element_pack_global_tooltip_width&quot;:{&quot;unit&quot;:&quot;px&quot;,&quot;size&quot;:&quot;&quot;,&quot;sizes&quot;:[]},&quot;element_pack_global_tooltip_width_widescreen&quot;:{&quot;unit&quot;:&quot;px&quot;,&quot;size&quot;:&quot;&quot;,&quot;sizes&quot;:[]},&quot;element_pack_global_tooltip_width_laptop&quot;:{&quot;unit&quot;:&quot;px&quot;,&quot;size&quot;:&quot;&quot;,&quot;sizes&quot;:[]},&quot;element_pack_global_tooltip_width_tablet&quot;:{&quot;unit&quot;:&quot;px&quot;,&quot;size&quot;:&quot;&quot;,&quot;sizes&quot;:[]},&quot;element_pack_global_tooltip_width_mobile&quot;:{&quot;unit&quot;:&quot;px&quot;,&quot;size&quot;:&quot;&quot;,&quot;sizes&quot;:[]},&quot;element_pack_global_tooltip_padding&quot;:{&quot;unit&quot;:&quot;px&quot;,&quot;top&quot;:&quot;&quot;,&quot;right&quot;:&quot;&quot;,&quot;bottom&quot;:&quot;&quot;,&quot;left&quot;:&quot;&quot;,&quot;isLinked&quot;:true},&quot;element_pack_global_tooltip_padding_widescreen&quot;:{&quot;unit&quot;:&quot;px&quot;,&quot;top&quot;:&quot;&quot;,&quot;right&quot;:&quot;&quot;,&quot;bottom&quot;:&quot;&quot;,&quot;left&quot;:&quot;&quot;,&quot;isLinked&quot;:true},&quot;element_pack_global_tooltip_padding_laptop&quot;:{&quot;unit&quot;:&quot;px&quot;,&quot;top&quot;:&quot;&quot;,&quot;right&quot;:&quot;&quot;,&quot;bottom&quot;:&quot;&quot;,&quot;left&quot;:&quot;&quot;,&quot;isLinked&quot;:true},&quot;element_pack_global_tooltip_padding_tablet&quot;:{&quot;unit&quot;:&quot;px&quot;,&quot;top&quot;:&quot;&quot;,&quot;right&quot;:&quot;&quot;,&quot;bottom&quot;:&quot;&quot;,&quot;left&quot;:&quot;&quot;,&quot;isLinked&quot;:true},&quot;element_pack_global_tooltip_padding_mobile&quot;:{&quot;unit&quot;:&quot;px&quot;,&quot;top&quot;:&quot;&quot;,&quot;right&quot;:&quot;&quot;,&quot;bottom&quot;:&quot;&quot;,&quot;left&quot;:&quot;&quot;,&quot;isLinked&quot;:true},&quot;element_pack_global_tooltip_border_radius&quot;:{&quot;unit&quot;:&quot;px&quot;,&quot;top&quot;:&quot;&quot;,&quot;right&quot;:&quot;&quot;,&quot;bottom&quot;:&quot;&quot;,&quot;left&quot;:&quot;&quot;,&quot;isLinked&quot;:true},&quot;element_pack_global_tooltip_border_radius_widescreen&quot;:{&quot;unit&quot;:&quot;px&quot;,&quot;top&quot;:&quot;&quot;,&quot;right&quot;:&quot;&quot;,&quot;bottom&quot;:&quot;&quot;,&quot;left&quot;:&quot;&quot;,&quot;isLinked&quot;:true},&quot;element_pack_global_tooltip_border_radius_laptop&quot;:{&quot;unit&quot;:&quot;px&quot;,&quot;top&quot;:&quot;&quot;,&quot;right&quot;:&quot;&quot;,&quot;bottom&quot;:&quot;&quot;,&quot;left&quot;:&quot;&quot;,&quot;isLinked&quot;:true},&quot;element_pack_global_tooltip_border_radius_tablet&quot;:{&quot;unit&quot;:&quot;px&quot;,&quot;top&quot;:&quot;&quot;,&quot;right&quot;:&quot;&quot;,&quot;bottom&quot;:&quot;&quot;,&quot;left&quot;:&quot;&quot;,&quot;isLinked&quot;:true},&quot;element_pack_global_tooltip_border_radius_mobile&quot;:{&quot;unit&quot;:&quot;px&quot;,&quot;top&quot;:&quot;&quot;,&quot;right&quot;:&quot;&quot;,&quot;bottom&quot;:&quot;&quot;,&quot;left&quot;:&quot;&quot;,&quot;isLinked&quot;:true}}\" data-elementor-post-type=\"page\">\n\t\t\t\t<div class=\"elementor-element elementor-element-e2a75df e-con-full e-flex e-con e-parent\" data-id=\"e2a75df\" data-element_type=\"container\" data-e-type=\"container\">\n\t\t\t\t<div class=\"elementor-element elementor-element-a99731c elementor-widget elementor-widget-template\" data-id=\"a99731c\" data-element_type=\"widget\" data-e-type=\"widget\" data-widget_type=\"template.default\">\n\t\t\t\t<div class=\"elementor-widget-container\">\n\t\t\t\t\t\t\t<div class=\"elementor-template\">\n\t\t\t\t\t<div data-elementor-type=\"container\" data-elementor-id=\"491\" class=\"elementor elementor-491\" data-elementor-post-type=\"elementor_library\">\n\t\t\t\t<div class=\"elementor-element elementor-element-7c96ea76 e-flex e-con-boxed e-con e-parent\" data-id=\"7c96ea76\" data-element_type=\"container\" data-e-type=\"container\" data-settings=\"{&quot;background_background&quot;:&quot;classic&quot;}\">\n\t\t\t\t\t<div class=\"e-con-inner\">\n\t\t<div class=\"elementor-element elementor-element-66a457 e-con-full e-flex e-con e-child\" data-id=\"66a457\" data-element_type=\"container\" data-e-type=\"container\">\n\t\t\t\t<div class=\"elementor-element elementor-element-37fcfdd5 elementor-widget elementor-widget-heading\" data-id=\"37fcfdd5\" data-element_type=\"widget\" data-e-type=\"widget\" data-widget_type=\"heading.default\">\n\t\t\t\t\t<h1 class=\"elementor-heading-title elementor-size-default\"><p>Nuestra visi\u00f3n, misi\u00f3n y valores<\/p>\n<\/h1>\t\t\t\t<\/div>\n\t\t\t\t<\/div>\n\t\t<div class=\"elementor-element elementor-element-1c4fc78c e-con-full e-flex e-con e-child\" data-id=\"1c4fc78c\" data-element_type=\"container\" data-e-type=\"container\">\n\t\t\t\t<\/div>\n\t\t\t\t\t<\/div>\n\t\t\t\t<\/div>\n\t\t\t\t<\/div>\n\t\t\t\t<\/div>\n\t\t\t\t\t\t<\/div>\n\t\t\t\t<\/div>\n\t\t\t\t<\/div>\n\t\t<div class=\"elementor-element elementor-element-dde8d55 e-flex e-con-boxed e-con e-parent\" data-id=\"dde8d55\" data-element_type=\"container\" data-e-type=\"container\" data-settings=\"{&quot;background_background&quot;:&quot;classic&quot;}\">\n\t\t\t\t\t<div class=\"e-con-inner\">\n\t\t\t\t<div class=\"elementor-element elementor-element-b67a07c elementor-widget elementor-widget-text-editor\" data-id=\"b67a07c\" data-element_type=\"widget\" data-e-type=\"widget\" data-widget_type=\"text-editor.default\">\n\t\t\t\t\t\t\t\t\t<p>En Futamura nos dedicamos a liderar la transici\u00f3n mundial hacia soluciones de envasado y productos sostenibles y renovables. Nuestra visi\u00f3n, misi\u00f3n y valores fundamentales gu\u00edan todos los aspectos de nuestras operaciones, desde el desarrollo de productos hasta la colaboraci\u00f3n con los clientes, y garantizan nuestra contribuci\u00f3n positiva a la sociedad y al medio ambiente.<\/p>\t\t\t\t\t\t\t\t<\/div>\n\t\t\t\t\t<\/div>\n\t\t\t\t<\/div>\n\t\t<div class=\"elementor-element elementor-element-4c0e4fe e-flex e-con-boxed e-con e-parent\" data-id=\"4c0e4fe\" data-element_type=\"container\" data-e-type=\"container\" data-settings=\"{&quot;background_background&quot;:&quot;classic&quot;}\">\n\t\t\t\t\t<div class=\"e-con-inner\">\n\t\t<div class=\"elementor-element elementor-element-2d1ac78 e-con-full e-flex e-con e-child\" data-id=\"2d1ac78\" data-element_type=\"container\" data-e-type=\"container\">\n\t\t<div class=\"elementor-element elementor-element-f4ddaa3 e-con-full e-flex e-con e-child\" data-id=\"f4ddaa3\" data-element_type=\"container\" data-e-type=\"container\">\n\t\t<div class=\"elementor-element elementor-element-095b7d1 e-con-full e-flex e-con e-child\" data-id=\"095b7d1\" data-element_type=\"container\" data-e-type=\"container\">\n\t\t\t\t<div class=\"elementor-element elementor-element-569c994 autoplay-video-inview no-mute elementor-widget elementor-widget-video\" data-id=\"569c994\" data-element_type=\"widget\" data-e-type=\"widget\" data-settings=\"{&quot;video_type&quot;:&quot;hosted&quot;,&quot;loop&quot;:&quot;yes&quot;,&quot;autoplay&quot;:&quot;yes&quot;,&quot;play_on_mobile&quot;:&quot;yes&quot;}\" data-widget_type=\"video.default\">\n\t\t\t\t\t\t\t<div class=\"e-hosted-video elementor-wrapper elementor-open-inline\">\n\t\t\t\t\t<video class=\"elementor-video\" src=\"https:\/\/www.futamuragroup.com\/wp-content\/uploads\/2026\/02\/Imagine-Futamura-video.mp4\" autoplay=\"\" loop=\"\" playsinline=\"\" controlslist=\"nodownload\"><\/video>\n\t\t\t\t<\/div>\n\t\t\t\t\t\t<\/div>\n\t\t\t\t<\/div>\n\t\t\t\t<\/div>\n\t\t<div class=\"elementor-element elementor-element-5ad68a4 e-con-full e-flex e-con e-child\" data-id=\"5ad68a4\" data-element_type=\"container\" data-e-type=\"container\">\n\t\t\t\t<div class=\"elementor-element elementor-element-12e3362 elementor-widget elementor-widget-heading\" data-id=\"12e3362\" data-element_type=\"widget\" data-e-type=\"widget\" data-widget_type=\"heading.default\">\n\t\t\t\t\t<h2 class=\"elementor-heading-title elementor-size-default\">Nuestra visi\u00f3n<\/h2>\t\t\t\t<\/div>\n\t\t\t\t<div class=\"elementor-element elementor-element-94cb68b elementor-widget elementor-widget-text-editor\" data-id=\"94cb68b\" data-element_type=\"widget\" data-e-type=\"widget\" data-widget_type=\"text-editor.default\">\n\t\t\t\t\t\t\t\t\t<p>Lo que diferencia a Futamura de muchas otras es que nos basamos en el principio de que la empresa existe para mejorar la vida cotidiana de sus clientes y de las personas que trabajan para nosotros, y no como una empresa que existe para los accionistas y les pertenece. De ah\u00ed que en Futamura exista una cultura empresarial que persigue la estabilidad a largo plazo de la empresa en lugar de buscar \u00fanicamente beneficios a corto plazo y ventas nominales.<\/p>\t\t\t\t\t\t\t\t<\/div>\n\t\t\t\t<div class=\"elementor-element elementor-element-9014cb3 elementor-hidden-mobile elementor-widget elementor-widget-spacer\" data-id=\"9014cb3\" data-element_type=\"widget\" data-e-type=\"widget\" data-widget_type=\"spacer.default\">\n\t\t\t\t\t\t\t<div class=\"elementor-spacer\">\n\t\t\t<div class=\"elementor-spacer-inner\"><\/div>\n\t\t<\/div>\n\t\t\t\t\t\t<\/div>\n\t\t\t\t<div class=\"elementor-element elementor-element-9c33536 elementor-widget elementor-widget-spacer\" data-id=\"9c33536\" data-element_type=\"widget\" data-e-type=\"widget\" data-widget_type=\"spacer.default\">\n\t\t\t\t\t\t\t<div class=\"elementor-spacer\">\n\t\t\t<div class=\"elementor-spacer-inner\"><\/div>\n\t\t<\/div>\n\t\t\t\t\t\t<\/div>\n\t\t\t\t<\/div>\n\t\t\t\t<\/div>\n\t\t<div class=\"elementor-element elementor-element-2a4a086 e-con-full e-flex e-con e-child\" data-id=\"2a4a086\" data-element_type=\"container\" data-e-type=\"container\">\n\t\t\t\t<div class=\"elementor-element elementor-element-763c01c elementor-absolute elementor-widget elementor-widget-image\" data-id=\"763c01c\" data-element_type=\"widget\" data-e-type=\"widget\" data-settings=\"{&quot;_position&quot;:&quot;absolute&quot;}\" data-widget_type=\"image.default\">\n\t\t\t\t\t\t\t\t\t\t\t\t\t\t\t<img loading=\"lazy\" decoding=\"async\" width=\"965\" height=\"965\" src=\"https:\/\/www.futamuragroup.com\/wp-content\/uploads\/2026\/02\/Group-2649.svg\" class=\"attachment-full size-full wp-image-2779\" alt=\"\" srcset=\"https:\/\/www.futamuragroup.com\/wp-content\/uploads\/\/2026\/02\/Group-2649.svg 150w, https:\/\/www.futamuragroup.com\/wp-content\/uploads\/\/2026\/02\/Group-2649.svg 300w, https:\/\/www.futamuragroup.com\/wp-content\/uploads\/\/2026\/02\/Group-2649.svg 1024w, https:\/\/www.futamuragroup.com\/wp-content\/uploads\/\/2026\/02\/Group-2649.svg 965w\" sizes=\"auto, (max-width: 965px) 100vw, 965px\" \/>\t\t\t\t\t\t\t\t\t\t\t\t\t\t\t<\/div>\n\t\t<div class=\"elementor-element elementor-element-1ac330f e-con-full e-flex e-con e-child\" data-id=\"1ac330f\" data-element_type=\"container\" data-e-type=\"container\">\n\t\t<div class=\"elementor-element elementor-element-67b296d e-con-full e-flex e-con e-child\" data-id=\"67b296d\" data-element_type=\"container\" data-e-type=\"container\">\n\t\t\t\t<div class=\"elementor-element elementor-element-cf81af7 elementor-widget elementor-widget-heading\" data-id=\"cf81af7\" data-element_type=\"widget\" data-e-type=\"widget\" data-widget_type=\"heading.default\">\n\t\t\t\t\t<h3 class=\"elementor-heading-title elementor-size-default\">Nuestra misi\u00f3n<\/h3>\t\t\t\t<\/div>\n\t\t\t\t<div class=\"elementor-element elementor-element-24cae81 elementor-widget elementor-widget-text-editor\" data-id=\"24cae81\" data-element_type=\"widget\" data-e-type=\"widget\" data-widget_type=\"text-editor.default\">\n\t\t\t\t\t\t\t\t\t<p>Ofrecer soluciones de envasado y productos innovadores y renovables que inspiren confianza, mejoren el rendimiento de los productos y protejan la Tierra para las generaciones futuras.<\/p>\t\t\t\t\t\t\t\t<\/div>\n\t\t\t\t<div class=\"elementor-element elementor-element-0479068 elementor-widget elementor-widget-heading\" data-id=\"0479068\" data-element_type=\"widget\" data-e-type=\"widget\" data-widget_type=\"heading.default\">\n\t\t\t\t\t<div class=\"elementor-heading-title elementor-size-default\">Nuestra misi\u00f3n nos impulsa a:<\/div>\t\t\t\t<\/div>\n\t\t\t\t<\/div>\n\t\t<div class=\"elementor-element elementor-element-dac15bf e-con-full e-flex e-con e-child\" data-id=\"dac15bf\" data-element_type=\"container\" data-e-type=\"container\">\n\t\t<div class=\"elementor-element elementor-element-4abdd96 e-con-full animated-fast e-flex elementor-invisible e-con e-child\" data-id=\"4abdd96\" data-element_type=\"container\" data-e-type=\"container\" data-settings=\"{&quot;animation&quot;:&quot;fadeInUp&quot;}\">\n\t\t\t\t<div class=\"elementor-element elementor-element-0dafaff elementor-position-top elementor-widget elementor-widget-image-box\" data-id=\"0dafaff\" data-element_type=\"widget\" data-e-type=\"widget\" data-widget_type=\"image-box.default\">\n\t\t\t\t\t<div class=\"elementor-image-box-wrapper\"><figure class=\"elementor-image-box-img\"><img loading=\"lazy\" decoding=\"async\" width=\"58\" height=\"61\" src=\"https:\/\/www.futamuragroup.com\/wp-content\/uploads\/2026\/02\/Group-2259.svg\" class=\"attachment-full size-full wp-image-2771\" alt=\"\" \/><\/figure><div class=\"elementor-image-box-content\"><div class=\"elementor-image-box-title\">Dise\u00f1ar y producir pel\u00edculas, perlas y fundas de celulosa que cumplan las normas industriales y reglamentarias.<\/div><\/div><\/div>\t\t\t\t<\/div>\n\t\t\t\t<\/div>\n\t\t<div class=\"elementor-element elementor-element-103bd75 e-con-full animated-fast e-flex elementor-invisible e-con e-child\" data-id=\"103bd75\" data-element_type=\"container\" data-e-type=\"container\" data-settings=\"{&quot;animation&quot;:&quot;fadeInUp&quot;,&quot;animation_delay&quot;:400}\">\n\t\t\t\t<div class=\"elementor-element elementor-element-019d79a elementor-position-top elementor-widget elementor-widget-image-box\" data-id=\"019d79a\" data-element_type=\"widget\" data-e-type=\"widget\" data-widget_type=\"image-box.default\">\n\t\t\t\t\t<div class=\"elementor-image-box-wrapper\"><figure class=\"elementor-image-box-img\"><img loading=\"lazy\" decoding=\"async\" width=\"73\" height=\"54\" src=\"https:\/\/www.futamuragroup.com\/wp-content\/uploads\/2026\/02\/Group-2260.svg\" class=\"attachment-full size-full wp-image-2773\" alt=\"\" \/><\/figure><div class=\"elementor-image-box-content\"><div class=\"elementor-image-box-title\">Colaborar con clientes y proveedores para apoyar sus objetivos de sostenibilidad<\/div><\/div><\/div>\t\t\t\t<\/div>\n\t\t\t\t<div class=\"elementor-element elementor-element-a194202 elementor-position-top elementor-widget elementor-widget-image-box\" data-id=\"a194202\" data-element_type=\"widget\" data-e-type=\"widget\" data-widget_type=\"image-box.default\">\n\t\t\t\t\t<div class=\"elementor-image-box-wrapper\"><figure class=\"elementor-image-box-img\"><img loading=\"lazy\" decoding=\"async\" width=\"66\" height=\"66\" src=\"https:\/\/www.futamuragroup.com\/wp-content\/uploads\/2026\/02\/Group-2263.svg\" class=\"attachment-full size-full wp-image-2772\" alt=\"\" srcset=\"https:\/\/www.futamuragroup.com\/wp-content\/uploads\/\/2026\/02\/Group-2263.svg 150w, https:\/\/www.futamuragroup.com\/wp-content\/uploads\/\/2026\/02\/Group-2263.svg 300w, https:\/\/www.futamuragroup.com\/wp-content\/uploads\/\/2026\/02\/Group-2263.svg 1024w, https:\/\/www.futamuragroup.com\/wp-content\/uploads\/\/2026\/02\/Group-2263.svg 66w\" sizes=\"auto, (max-width: 66px) 100vw, 66px\" \/><\/figure><div class=\"elementor-image-box-content\"><div class=\"elementor-image-box-title\">Reducir el impacto medioambiental de los envases y productos en todas las fases de su ciclo de vida.<\/div><\/div><\/div>\t\t\t\t<\/div>\n\t\t\t\t<\/div>\n\t\t<div class=\"elementor-element elementor-element-32e7adf e-con-full animated-fast e-flex elementor-invisible e-con e-child\" data-id=\"32e7adf\" data-element_type=\"container\" data-e-type=\"container\" data-settings=\"{&quot;animation&quot;:&quot;fadeInUp&quot;,&quot;animation_delay&quot;:800}\">\n\t\t\t\t<div class=\"elementor-element elementor-element-6966843 elementor-position-top elementor-widget elementor-widget-image-box\" data-id=\"6966843\" data-element_type=\"widget\" data-e-type=\"widget\" data-widget_type=\"image-box.default\">\n\t\t\t\t\t<div class=\"elementor-image-box-wrapper\"><figure class=\"elementor-image-box-img\"><img loading=\"lazy\" decoding=\"async\" width=\"51\" height=\"68\" src=\"https:\/\/www.futamuragroup.com\/wp-content\/uploads\/2026\/02\/Group-2262.svg\" class=\"attachment-full size-full wp-image-2774\" alt=\"\" \/><\/figure><div class=\"elementor-image-box-content\"><div class=\"elementor-image-box-title\">Liderar con ciencia, servicio e integridad medioambiental<\/div><\/div><\/div>\t\t\t\t<\/div>\n\t\t\t\t<\/div>\n\t\t\t\t<\/div>\n\t\t\t\t<\/div>\n\t\t\t\t<\/div>\n\t\t<div class=\"elementor-element elementor-element-ad9f913 e-con-full e-flex e-con e-child\" data-id=\"ad9f913\" data-element_type=\"container\" data-e-type=\"container\">\n\t\t<div class=\"elementor-element elementor-element-405aff5 e-con-full e-flex e-con e-child\" data-id=\"405aff5\" data-element_type=\"container\" data-e-type=\"container\">\n\t\t<div class=\"elementor-element elementor-element-f1f1271 e-con-full e-flex e-con e-child\" data-id=\"f1f1271\" data-element_type=\"container\" data-e-type=\"container\">\n\t\t\t\t<div class=\"elementor-element elementor-element-f74e90e elementor-widget elementor-widget-image\" data-id=\"f74e90e\" data-element_type=\"widget\" data-e-type=\"widget\" data-widget_type=\"image.default\">\n\t\t\t\t\t\t\t\t\t\t\t\t\t\t\t<img loading=\"lazy\" decoding=\"async\" width=\"450\" height=\"395\" src=\"https:\/\/www.futamuragroup.com\/wp-content\/uploads\/2026\/02\/Futamura_AtWork_March2023_04.png\" class=\"attachment-large size-large wp-image-2767\" alt=\"\" srcset=\"https:\/\/www.futamuragroup.com\/wp-content\/uploads\/2026\/02\/Futamura_AtWork_March2023_04.png 450w, https:\/\/www.futamuragroup.com\/wp-content\/uploads\/2026\/02\/Futamura_AtWork_March2023_04-300x263.png 300w\" sizes=\"auto, (max-width: 450px) 100vw, 450px\" \/>\t\t\t\t\t\t\t\t\t\t\t\t\t\t\t<\/div>\n\t\t\t\t<\/div>\n\t\t\t\t<\/div>\n\t\t<div class=\"elementor-element elementor-element-7235e3b e-con-full e-flex e-con e-child\" data-id=\"7235e3b\" data-element_type=\"container\" data-e-type=\"container\">\n\t\t\t\t<div class=\"elementor-element elementor-element-e24cfdd elementor-widget elementor-widget-heading\" data-id=\"e24cfdd\" data-element_type=\"widget\" data-e-type=\"widget\" data-widget_type=\"heading.default\">\n\t\t\t\t\t<h2 class=\"elementor-heading-title elementor-size-default\">Nuestros valores fundamentales<\/h2>\t\t\t\t<\/div>\n\t\t\t\t<div class=\"elementor-element elementor-element-38d4aea elementor-widget elementor-widget-heading\" data-id=\"38d4aea\" data-element_type=\"widget\" data-e-type=\"widget\" data-widget_type=\"heading.default\">\n\t\t\t\t\t<div class=\"elementor-heading-title elementor-size-default\">Nuestros valores fundamentales se basan en cuatro principios clave:<\/div>\t\t\t\t<\/div>\n\t\t\t\t<div class=\"elementor-element elementor-element-5acbfd2 el-cotento elementor-widget elementor-widget-text-editor\" data-id=\"5acbfd2\" data-element_type=\"widget\" data-e-type=\"widget\" data-widget_type=\"text-editor.default\">\n\t\t\t\t\t\t\t\t\t<ul><li>Haremos todo lo posible por mejorar constantemente nuestros productos y contribuiremos a la sociedad a trav\u00e9s de las propiedades beneficiosas y el rendimiento de los productos que fabricamos.<\/li><li>Reconocemos que ayudarnos unos a otros es el primer paso para lograr la armon\u00eda entre las personas y que el \u00e9xito de nuestra empresa se basa en esa armon\u00eda.<\/li><li>Nos mantenemos fieles a tres creencias fundamentales: \u201cCrearemos algo de la nada. Siempre ejercitaremos nuestro ingenio. Trabajaremos de forma proactiva\u201d.\u201d<\/li><li>Reconocemos que la victoria final corresponde a quienes se comportan con honradez e integridad en todos los aspectos de sus pr\u00e1cticas empresariales.<\/li><\/ul>\t\t\t\t\t\t\t\t<\/div>\n\t\t\t\t<div class=\"elementor-element elementor-element-60de172 elementor-hidden-mobile elementor-widget elementor-widget-spacer\" data-id=\"60de172\" data-element_type=\"widget\" data-e-type=\"widget\" data-widget_type=\"spacer.default\">\n\t\t\t\t\t\t\t<div class=\"elementor-spacer\">\n\t\t\t<div class=\"elementor-spacer-inner\"><\/div>\n\t\t<\/div>\n\t\t\t\t\t\t<\/div>\n\t\t\t\t<div class=\"elementor-element elementor-element-70de819 elementor-widget elementor-widget-spacer\" data-id=\"70de819\" data-element_type=\"widget\" data-e-type=\"widget\" data-widget_type=\"spacer.default\">\n\t\t\t\t\t\t\t<div class=\"elementor-spacer\">\n\t\t\t<div class=\"elementor-spacer-inner\"><\/div>\n\t\t<\/div>\n\t\t\t\t\t\t<\/div>\n\t\t\t\t<\/div>\n\t\t\t\t<\/div>\n\t\t\t\t\t<\/div>\n\t\t\t\t<\/div>\n\t\t<div class=\"elementor-element elementor-element-2ded41f e-flex e-con-boxed e-con e-parent\" data-id=\"2ded41f\" data-element_type=\"container\" data-e-type=\"container\" data-settings=\"{&quot;background_background&quot;:&quot;classic&quot;}\">\n\t\t\t\t\t<div class=\"e-con-inner\">\n\t\t<div class=\"elementor-element elementor-element-cefdcee e-con-full e-flex e-con e-child\" data-id=\"cefdcee\" data-element_type=\"container\" data-e-type=\"container\">\n\t\t<div class=\"elementor-element elementor-element-a296f2a e-con-full e-flex e-con e-child\" data-id=\"a296f2a\" data-element_type=\"container\" data-e-type=\"container\" data-settings=\"{&quot;background_background&quot;:&quot;classic&quot;}\">\n\t\t\t\t<div class=\"elementor-element elementor-element-49b4aa4 elementor-widget elementor-widget-image\" data-id=\"49b4aa4\" data-element_type=\"widget\" data-e-type=\"widget\" data-widget_type=\"image.default\">\n\t\t\t\t\t\t\t\t\t\t\t\t\t\t\t<img loading=\"lazy\" decoding=\"async\" width=\"673\" height=\"769\" src=\"https:\/\/www.futamuragroup.com\/wp-content\/uploads\/2025\/12\/Group-151-2.png\" class=\"attachment-large size-large wp-image-847\" alt=\"\" srcset=\"https:\/\/www.futamuragroup.com\/wp-content\/uploads\/2025\/12\/Group-151-2.png 673w, https:\/\/www.futamuragroup.com\/wp-content\/uploads\/2025\/12\/Group-151-2-263x300.png 263w\" sizes=\"auto, (max-width: 673px) 100vw, 673px\" \/>\t\t\t\t\t\t\t\t\t\t\t\t\t\t\t<\/div>\n\t\t\t\t<\/div>\n\t\t\t\t<\/div>\n\t\t<div class=\"elementor-element elementor-element-ca5d1b4 e-con-full e-flex e-con e-child\" data-id=\"ca5d1b4\" data-element_type=\"container\" data-e-type=\"container\">\n\t\t\t\t<div class=\"elementor-element elementor-element-789f65e elementor-widget elementor-widget-heading\" data-id=\"789f65e\" data-element_type=\"widget\" data-e-type=\"widget\" data-widget_type=\"heading.default\">\n\t\t\t\t\t<h2 class=\"elementor-heading-title elementor-size-default\">Construir un ma\u00f1ana mejor<\/h2>\t\t\t\t<\/div>\n\t\t\t\t<div class=\"elementor-element elementor-element-e113399 elementor-widget elementor-widget-text-editor\" data-id=\"e113399\" data-element_type=\"widget\" data-e-type=\"widget\" data-widget_type=\"text-editor.default\">\n\t\t\t\t\t\t\t\t\t<p>Desde nuestras instalaciones globales de producci\u00f3n hasta nuestros laboratorios de investigaci\u00f3n y equipos de atenci\u00f3n al cliente, Futamura est\u00e1 unida por un prop\u00f3sito compartido: hacer que el envase sea parte de la soluci\u00f3n, no del problema. Nuestra visi\u00f3n, misi\u00f3n y valores reflejan este compromiso y gu\u00edan cada decisi\u00f3n que tomamos.<\/p><p>Junto con nuestros socios, trabajamos para crear un futuro en el que los envases y los productos sean renovables, compostables y responsables con el medio ambiente, sin concesiones.<\/p>\t\t\t\t\t\t\t\t<\/div>\n\t\t\t\t<div class=\"elementor-element elementor-element-88e3fd0 elementor-hidden-mobile elementor-widget elementor-widget-spacer\" data-id=\"88e3fd0\" data-element_type=\"widget\" data-e-type=\"widget\" data-widget_type=\"spacer.default\">\n\t\t\t\t\t\t\t<div class=\"elementor-spacer\">\n\t\t\t<div class=\"elementor-spacer-inner\"><\/div>\n\t\t<\/div>\n\t\t\t\t\t\t<\/div>\n\t\t\t\t<div class=\"elementor-element elementor-element-480205a elementor-widget elementor-widget-heading\" data-id=\"480205a\" data-element_type=\"widget\" data-e-type=\"widget\" data-widget_type=\"heading.default\">\n\t\t\t\t\t<div class=\"elementor-heading-title elementor-size-default\">\u00bfQuiere saber m\u00e1s sobre c\u00f3mo nuestra misi\u00f3n impulsa la innovaci\u00f3n?<\/div>\t\t\t\t<\/div>\n\t\t\t\t<div class=\"elementor-element elementor-element-8754d9f elementor-widget elementor-widget-text-editor\" data-id=\"8754d9f\" data-element_type=\"widget\" data-e-type=\"widget\" data-widget_type=\"text-editor.default\">\n\t\t\t\t\t\t\t\t\t<p>Visite nuestras p\u00e1ginas de Sostenibilidad y Liderazgo o p\u00f3ngase en contacto con nosotros para ver c\u00f3mo podemos ayudar a su marca a cumplir sus objetivos de envasado.<\/p>\t\t\t\t\t\t\t\t<\/div>\n\t\t\t\t<\/div>\n\t\t\t\t\t<\/div>\n\t\t\t\t<\/div>\n\t\t\t\t<\/div>","protected":false},"excerpt":{"rendered":"<p>At Futamura, we are dedicated to leading the global transition to sustainable, renewable packaging and product solutions. Our Vision, Mission, and Core Values guide every aspect of our operations, from product development to customer partnerships, ensuring we contribute positively to society and the environment. https:\/\/www.futamuragroup.com\/wp-content\/uploads\/2026\/02\/Imagine-Futamura-video.mp4 Our Vision What differentiates Futamura from many others is that [&hellip;]<\/p>\n","protected":false},"author":2,"featured_media":0,"parent":1244,"menu_order":0,"comment_status":"closed","ping_status":"closed","template":"","meta":{"_acf_changed":false,"footnotes":""},"class_list":["post-1324","page","type-page","status-publish","hentry"],"acf":[],"_links":{"self":[{"href":"https:\/\/www.futamuragroup.com\/es\/wp-json\/wp\/v2\/pages\/1324","targetHints":{"allow":["GET"]}}],"collection":[{"href":"https:\/\/www.futamuragroup.com\/es\/wp-json\/wp\/v2\/pages"}],"about":[{"href":"https:\/\/www.futamuragroup.com\/es\/wp-json\/wp\/v2\/types\/page"}],"author":[{"embeddable":true,"href":"https:\/\/www.futamuragroup.com\/es\/wp-json\/wp\/v2\/users\/2"}],"replies":[{"embeddable":true,"href":"https:\/\/www.futamuragroup.com\/es\/wp-json\/wp\/v2\/comments?post=1324"}],"version-history":[{"count":51,"href":"https:\/\/www.futamuragroup.com\/es\/wp-json\/wp\/v2\/pages\/1324\/revisions"}],"predecessor-version":[{"id":3459,"href":"https:\/\/www.futamuragroup.com\/es\/wp-json\/wp\/v2\/pages\/1324\/revisions\/3459"}],"up":[{"embeddable":true,"href":"https:\/\/www.futamuragroup.com\/es\/wp-json\/wp\/v2\/pages\/1244"}],"wp:attachment":[{"href":"https:\/\/www.futamuragroup.com\/es\/wp-json\/wp\/v2\/media?parent=1324"}],"curies":[{"name":"wp","href":"https:\/\/api.w.org\/{rel}","templated":true}]}}