{"id":1757,"date":"2026-01-19T12:44:08","date_gmt":"2026-01-19T12:44:08","guid":{"rendered":"http:\/\/futamuragroup.com\/?page_id=1757"},"modified":"2026-01-22T18:42:09","modified_gmt":"2026-01-22T18:42:09","slug":"terms-and-conditions","status":"publish","type":"page","link":"https:\/\/www.futamuragroup.com\/es\/terms-and-conditions\/","title":{"rendered":"Condiciones generales"},"content":{"rendered":"<div data-elementor-type=\"wp-page\" data-elementor-id=\"1757\" class=\"elementor elementor-1757\" data-elementor-settings=\"{&quot;element_pack_global_tooltip_width&quot;:{&quot;unit&quot;:&quot;px&quot;,&quot;size&quot;:&quot;&quot;,&quot;sizes&quot;:[]},&quot;element_pack_global_tooltip_width_widescreen&quot;:{&quot;unit&quot;:&quot;px&quot;,&quot;size&quot;:&quot;&quot;,&quot;sizes&quot;:[]},&quot;element_pack_global_tooltip_width_laptop&quot;:{&quot;unit&quot;:&quot;px&quot;,&quot;size&quot;:&quot;&quot;,&quot;sizes&quot;:[]},&quot;element_pack_global_tooltip_width_tablet&quot;:{&quot;unit&quot;:&quot;px&quot;,&quot;size&quot;:&quot;&quot;,&quot;sizes&quot;:[]},&quot;element_pack_global_tooltip_width_mobile&quot;:{&quot;unit&quot;:&quot;px&quot;,&quot;size&quot;:&quot;&quot;,&quot;sizes&quot;:[]},&quot;element_pack_global_tooltip_padding&quot;:{&quot;unit&quot;:&quot;px&quot;,&quot;top&quot;:&quot;&quot;,&quot;right&quot;:&quot;&quot;,&quot;bottom&quot;:&quot;&quot;,&quot;left&quot;:&quot;&quot;,&quot;isLinked&quot;:true},&quot;element_pack_global_tooltip_padding_widescreen&quot;:{&quot;unit&quot;:&quot;px&quot;,&quot;top&quot;:&quot;&quot;,&quot;right&quot;:&quot;&quot;,&quot;bottom&quot;:&quot;&quot;,&quot;left&quot;:&quot;&quot;,&quot;isLinked&quot;:true},&quot;element_pack_global_tooltip_padding_laptop&quot;:{&quot;unit&quot;:&quot;px&quot;,&quot;top&quot;:&quot;&quot;,&quot;right&quot;:&quot;&quot;,&quot;bottom&quot;:&quot;&quot;,&quot;left&quot;:&quot;&quot;,&quot;isLinked&quot;:true},&quot;element_pack_global_tooltip_padding_tablet&quot;:{&quot;unit&quot;:&quot;px&quot;,&quot;top&quot;:&quot;&quot;,&quot;right&quot;:&quot;&quot;,&quot;bottom&quot;:&quot;&quot;,&quot;left&quot;:&quot;&quot;,&quot;isLinked&quot;:true},&quot;element_pack_global_tooltip_padding_mobile&quot;:{&quot;unit&quot;:&quot;px&quot;,&quot;top&quot;:&quot;&quot;,&quot;right&quot;:&quot;&quot;,&quot;bottom&quot;:&quot;&quot;,&quot;left&quot;:&quot;&quot;,&quot;isLinked&quot;:true},&quot;element_pack_global_tooltip_border_radius&quot;:{&quot;unit&quot;:&quot;px&quot;,&quot;top&quot;:&quot;&quot;,&quot;right&quot;:&quot;&quot;,&quot;bottom&quot;:&quot;&quot;,&quot;left&quot;:&quot;&quot;,&quot;isLinked&quot;:true},&quot;element_pack_global_tooltip_border_radius_widescreen&quot;:{&quot;unit&quot;:&quot;px&quot;,&quot;top&quot;:&quot;&quot;,&quot;right&quot;:&quot;&quot;,&quot;bottom&quot;:&quot;&quot;,&quot;left&quot;:&quot;&quot;,&quot;isLinked&quot;:true},&quot;element_pack_global_tooltip_border_radius_laptop&quot;:{&quot;unit&quot;:&quot;px&quot;,&quot;top&quot;:&quot;&quot;,&quot;right&quot;:&quot;&quot;,&quot;bottom&quot;:&quot;&quot;,&quot;left&quot;:&quot;&quot;,&quot;isLinked&quot;:true},&quot;element_pack_global_tooltip_border_radius_tablet&quot;:{&quot;unit&quot;:&quot;px&quot;,&quot;top&quot;:&quot;&quot;,&quot;right&quot;:&quot;&quot;,&quot;bottom&quot;:&quot;&quot;,&quot;left&quot;:&quot;&quot;,&quot;isLinked&quot;:true},&quot;element_pack_global_tooltip_border_radius_mobile&quot;:{&quot;unit&quot;:&quot;px&quot;,&quot;top&quot;:&quot;&quot;,&quot;right&quot;:&quot;&quot;,&quot;bottom&quot;:&quot;&quot;,&quot;left&quot;:&quot;&quot;,&quot;isLinked&quot;:true}}\" data-elementor-post-type=\"page\">\n\t\t\t\t<div class=\"elementor-element elementor-element-ed3347d e-flex e-con-boxed e-con e-parent\" data-id=\"ed3347d\" data-element_type=\"container\" data-e-type=\"container\" data-settings=\"{&quot;background_background&quot;:&quot;classic&quot;}\">\n\t\t\t\t\t<div class=\"e-con-inner\">\n\t\t<div class=\"elementor-element elementor-element-76628b4 e-con-full e-flex e-con e-child\" data-id=\"76628b4\" data-element_type=\"container\" data-e-type=\"container\">\n\t\t\t\t<div class=\"elementor-element elementor-element-1c00d50 elementor-widget elementor-widget-heading\" data-id=\"1c00d50\" data-element_type=\"widget\" data-e-type=\"widget\" data-widget_type=\"heading.default\">\n\t\t\t\t\t<h1 class=\"elementor-heading-title elementor-size-default\">Condiciones generales<\/h1>\t\t\t\t<\/div>\n\t\t\t\t<\/div>\n\t\t\t\t\t<\/div>\n\t\t\t\t<\/div>\n\t\t<div class=\"elementor-element elementor-element-55770 e-flex e-con-boxed e-con e-parent\" data-id=\"55770\" data-element_type=\"container\" data-e-type=\"container\">\n\t\t\t\t\t<div class=\"e-con-inner\">\n\t\t\t\t<div class=\"elementor-element elementor-element-1c5f379 elementor-widget elementor-widget-heading\" data-id=\"1c5f379\" data-element_type=\"widget\" data-e-type=\"widget\" data-widget_type=\"heading.default\">\n\t\t\t\t\t<h2 class=\"elementor-heading-title elementor-size-default\">Condiciones generales<\/h2>\t\t\t\t<\/div>\n\t\t\t\t<div class=\"elementor-element elementor-element-abcaf1a elementor-widget elementor-widget-heading\" data-id=\"abcaf1a\" data-element_type=\"widget\" data-e-type=\"widget\" data-widget_type=\"heading.default\">\n\t\t\t\t\t<div class=\"elementor-heading-title elementor-size-default\">Condiciones generales del Grupo Futamura<\/div>\t\t\t\t<\/div>\n\t\t\t\t<div class=\"elementor-element elementor-element-5c3417b elementor-widget elementor-widget-text-editor\" data-id=\"5c3417b\" data-element_type=\"widget\" data-e-type=\"widget\" data-widget_type=\"text-editor.default\">\n\t\t\t\t\t\t\t\t\t<p data-start=\"335\" data-end=\"365\">Bienvenido a <strong data-start=\"346\" data-end=\"364\">Grupo Futamura<\/strong>!<\/p><p data-start=\"367\" data-end=\"506\">Los presentes t\u00e9rminos y condiciones describen las normas y reglamentos de uso del sitio Web del Grupo Futamura, ubicado en <strong data-start=\"480\" data-end=\"505\"><a href=\"http:\/\/www.futamuragroup.com\/es\/\" target=\"_new\" rel=\"noopener\" data-start=\"482\" data-end=\"503\">www.futamuragroup.com<\/a><\/strong>.<\/p><p data-start=\"508\" data-end=\"702\">Al acceder a este sitio web, asumimos que acepta estos t\u00e9rminos y condiciones. No contin\u00fae utilizando el Grupo Futamura si no est\u00e1 de acuerdo en aceptar todos los t\u00e9rminos y condiciones establecidos en esta p\u00e1gina.<\/p>\t\t\t\t\t\t\t\t<\/div>\n\t\t\t\t<div class=\"elementor-element elementor-element-3b78c57 elementor-widget elementor-widget-heading\" data-id=\"3b78c57\" data-element_type=\"widget\" data-e-type=\"widget\" data-widget_type=\"heading.default\">\n\t\t\t\t\t<div class=\"elementor-heading-title elementor-size-default\">Terminolog\u00eda<\/div>\t\t\t\t<\/div>\n\t\t\t\t<div class=\"elementor-element elementor-element-6781c6d elementor-widget elementor-widget-text-editor\" data-id=\"6781c6d\" data-element_type=\"widget\" data-e-type=\"widget\" data-widget_type=\"text-editor.default\">\n\t\t\t\t\t\t\t\t\t<p data-start=\"725\" data-end=\"825\">La siguiente terminolog\u00eda se aplica a estas Condiciones Generales, a la Pol\u00edtica de Privacidad y a todos los Acuerdos:<\/p><ul data-start=\"827\" data-end=\"1101\"><li data-start=\"827\" data-end=\"948\"><p data-start=\"829\" data-end=\"948\"><strong data-start=\"829\" data-end=\"856\">\u201cCliente\u201d, \u201cUsted\u201d, \u201cSu\u201d<\/strong> se refiere a usted, la persona que entra en este sitio web y cumple las condiciones de la Empresa.<\/p><\/li><li data-start=\"949\" data-end=\"1026\"><p data-start=\"951\" data-end=\"1026\"><strong data-start=\"951\" data-end=\"1000\">\u201cLa Empresa\u201d, \u201cNosotros\u201d, \u201cNos\u201d, \u201cNuestro\u201d, \u201cNos\u201d<\/strong> se refiere al Grupo Futamura.<\/p><\/li><li data-start=\"1027\" data-end=\"1101\"><p data-start=\"1029\" data-end=\"1101\"><strong data-start=\"1029\" data-end=\"1060\">\u201cParte\u201d, \u201cPartes\u201d o \u201cNosotros\u201d.\u201d<\/strong> se refiere tanto al Cliente como a nosotros mismos.<\/p><\/li><\/ul><p data-start=\"1103\" data-end=\"1376\">Todos los t\u00e9rminos se refieren a la oferta, aceptaci\u00f3n y contraprestaci\u00f3n de pago necesaria para llevar a cabo el proceso de nuestra asistencia al Cliente de la manera m\u00e1s adecuada con el prop\u00f3sito expreso de satisfacer las necesidades del Cliente, de conformidad y con sujeci\u00f3n a la legislaci\u00f3n vigente.<\/p>\t\t\t\t\t\t\t\t<\/div>\n\t\t\t\t<div class=\"elementor-element elementor-element-7e27576 elementor-widget elementor-widget-heading\" data-id=\"7e27576\" data-element_type=\"widget\" data-e-type=\"widget\" data-widget_type=\"heading.default\">\n\t\t\t\t\t<div class=\"elementor-heading-title elementor-size-default\">Cookies<\/div>\t\t\t\t<\/div>\n\t\t\t\t<div class=\"elementor-element elementor-element-06dd7ca elementor-widget elementor-widget-text-editor\" data-id=\"06dd7ca\" data-element_type=\"widget\" data-e-type=\"widget\" data-widget_type=\"text-editor.default\">\n\t\t\t\t\t\t\t\t\t<p data-start=\"1395\" data-end=\"1530\">Utilizamos cookies. Al acceder al Grupo Futamura, usted acepta el uso de cookies de acuerdo con la Pol\u00edtica de Privacidad del Grupo Futamura.<\/p><p data-start=\"1532\" data-end=\"1823\">La mayor\u00eda de los sitios web interactivos utilizan cookies que nos permiten recuperar los datos del usuario en cada visita. Nuestro sitio web utiliza cookies para permitir la funcionalidad de determinadas \u00e1reas y facilitar la visita a nuestro sitio web. Algunos de nuestros socios afiliados o publicitarios tambi\u00e9n pueden utilizar cookies.<\/p>\t\t\t\t\t\t\t\t<\/div>\n\t\t\t\t<div class=\"elementor-element elementor-element-a1792e9 elementor-widget elementor-widget-heading\" data-id=\"a1792e9\" data-element_type=\"widget\" data-e-type=\"widget\" data-widget_type=\"heading.default\">\n\t\t\t\t\t<div class=\"elementor-heading-title elementor-size-default\">Licencia<\/div>\t\t\t\t<\/div>\n\t\t\t\t<div class=\"elementor-element elementor-element-2e0fa63 elementor-widget elementor-widget-text-editor\" data-id=\"2e0fa63\" data-element_type=\"widget\" data-e-type=\"widget\" data-widget_type=\"text-editor.default\">\n\t\t\t\t\t\t\t\t\t<p data-start=\"1842\" data-end=\"2022\">A menos que se indique lo contrario, el Grupo Futamura y\/o sus licenciantes poseen los derechos de propiedad intelectual de todo el material del Grupo Futamura. Todos los derechos de propiedad intelectual est\u00e1n reservados.<\/p><p data-start=\"2024\" data-end=\"2149\">Puede acceder a ella desde el Grupo Futamura para su uso personal, sujeto a las restricciones establecidas en estos t\u00e9rminos y condiciones.<\/p><p data-start=\"2151\" data-end=\"2168\"><strong>No debes hacerlo:<\/strong><\/p><ul data-start=\"2169\" data-end=\"2379\"><li data-start=\"2169\" data-end=\"2211\"><p data-start=\"2171\" data-end=\"2211\">Volver a publicar material del Grupo Futamura<\/p><\/li><li data-start=\"2212\" data-end=\"2271\"><p data-start=\"2214\" data-end=\"2271\">Vender, alquilar o sublicenciar material del Grupo Futamura.<\/p><\/li><li data-start=\"2272\" data-end=\"2334\"><p data-start=\"2274\" data-end=\"2334\">Reproducir, duplicar o copiar material del Grupo Futamura<\/p><\/li><li data-start=\"2335\" data-end=\"2379\"><p data-start=\"2337\" data-end=\"2379\">Redistribuir contenidos del Grupo Futamura<\/p><\/li><\/ul><p data-start=\"2381\" data-end=\"2427\">El presente Acuerdo entrar\u00e1 en vigor en la fecha del mismo.<\/p>\t\t\t\t\t\t\t\t<\/div>\n\t\t\t\t<div class=\"elementor-element elementor-element-f8947e2 elementor-widget elementor-widget-heading\" data-id=\"f8947e2\" data-element_type=\"widget\" data-e-type=\"widget\" data-widget_type=\"heading.default\">\n\t\t\t\t\t<div class=\"elementor-heading-title elementor-size-default\">Comentarios y contenidos de los usuarios<\/div>\t\t\t\t<\/div>\n\t\t\t\t<div class=\"elementor-element elementor-element-660ec00 elementor-widget elementor-widget-text-editor\" data-id=\"660ec00\" data-element_type=\"widget\" data-e-type=\"widget\" data-widget_type=\"text-editor.default\">\n\t\t\t\t\t\t\t\t\t<p data-start=\"2464\" data-end=\"2673\">Algunas partes de este sitio web pueden ofrecer a los usuarios la oportunidad de publicar e intercambiar opiniones e informaci\u00f3n. El Grupo Futamura no filtra, edita, publica ni revisa los Comentarios antes de su presencia en el sitio web.<\/p><p data-start=\"2675\" data-end=\"2837\">Los comentarios no reflejan los puntos de vista y opiniones del Grupo Futamura, sus agentes o afiliados. Los comentarios reflejan los puntos de vista y opiniones de la persona que los publica.<\/p><p data-start=\"2839\" data-end=\"3050\">En la medida permitida por las leyes aplicables, el Grupo Futamura no ser\u00e1 responsable de los Comentarios ni de ninguna responsabilidad, da\u00f1os o gastos causados como resultado de cualquier uso o publicaci\u00f3n de Comentarios en este sitio web.<\/p><p data-start=\"3052\" data-end=\"3221\">Nos reservamos el derecho a supervisar todos los Comentarios y a eliminar cualquier Comentario que pueda considerarse inapropiado, ofensivo o que infrinja estas Condiciones.<\/p>\t\t\t\t\t\t\t\t<\/div>\n\t\t\t\t<div class=\"elementor-element elementor-element-84272fd elementor-widget elementor-widget-heading\" data-id=\"84272fd\" data-element_type=\"widget\" data-e-type=\"widget\" data-widget_type=\"heading.default\">\n\t\t\t\t\t<div class=\"elementor-heading-title elementor-size-default\">Hiperenlaces a nuestro contenido<\/div>\t\t\t\t<\/div>\n\t\t\t\t<div class=\"elementor-element elementor-element-be48a44 elementor-widget elementor-widget-text-editor\" data-id=\"be48a44\" data-element_type=\"widget\" data-e-type=\"widget\" data-widget_type=\"text-editor.default\">\n\t\t\t\t\t\t\t\t\t<p data-start=\"3260\" data-end=\"3343\">Las siguientes organizaciones pueden enlazar con nuestro sitio web sin autorizaci\u00f3n previa por escrito:<\/p><ul data-start=\"3344\" data-end=\"3443\"><li data-start=\"3344\" data-end=\"3367\"><p data-start=\"3346\" data-end=\"3367\">Organismos p\u00fablicos<\/p><\/li><li data-start=\"3368\" data-end=\"3386\"><p data-start=\"3370\" data-end=\"3386\">Motores de b\u00fasqueda<\/p><\/li><li data-start=\"3387\" data-end=\"3409\"><p data-start=\"3389\" data-end=\"3409\">Organizaciones de noticias<\/p><\/li><li data-start=\"3410\" data-end=\"3443\"><p data-start=\"3412\" data-end=\"3443\">Distribuidores de directorios en l\u00ednea<\/p><\/li><\/ul><p data-start=\"3445\" data-end=\"3555\">Estas organizaciones pueden enlazar a nuestra p\u00e1gina de inicio, publicaciones u otra informaci\u00f3n del sitio web siempre que el enlace:<\/p><ul data-start=\"3556\" data-end=\"3686\"><li data-start=\"3556\" data-end=\"3576\"><p data-start=\"3558\" data-end=\"3576\">No es enga\u00f1oso<\/p><\/li><li data-start=\"3577\" data-end=\"3630\"><p data-start=\"3579\" data-end=\"3630\">No implique falsamente patrocinio o respaldo<\/p><\/li><li data-start=\"3631\" data-end=\"3686\"><p data-start=\"3633\" data-end=\"3686\">Encaja en el contexto del sitio web de la parte enlazante<\/p><\/li><\/ul><p data-start=\"3688\" data-end=\"3844\">Podemos considerar y aprobar otras solicitudes de enlace de fuentes de informaci\u00f3n habituales de consumidores y empresas, siempre que el enlace no nos perjudique.<\/p>\t\t\t\t\t\t\t\t<\/div>\n\t\t\t\t<div class=\"elementor-element elementor-element-5a3d8ec elementor-widget elementor-widget-heading\" data-id=\"5a3d8ec\" data-element_type=\"widget\" data-e-type=\"widget\" data-widget_type=\"heading.default\">\n\t\t\t\t\t<div class=\"elementor-heading-title elementor-size-default\">iFrames<\/div>\t\t\t\t<\/div>\n\t\t\t\t<div class=\"elementor-element elementor-element-a467d3a elementor-widget elementor-widget-text-editor\" data-id=\"a467d3a\" data-element_type=\"widget\" data-e-type=\"widget\" data-widget_type=\"text-editor.default\">\n\t\t\t\t\t\t\t\t\t<p data-start=\"335\" data-end=\"365\">Sin previa aprobaci\u00f3n y autorizaci\u00f3n por escrito, no podr\u00e1 crear marcos alrededor de nuestras p\u00e1ginas web que alteren en modo alguno la presentaci\u00f3n visual o el aspecto de nuestro sitio web.<\/p>\t\t\t\t\t\t\t\t<\/div>\n\t\t\t\t<div class=\"elementor-element elementor-element-6ac6ed1 elementor-widget elementor-widget-heading\" data-id=\"6ac6ed1\" data-element_type=\"widget\" data-e-type=\"widget\" data-widget_type=\"heading.default\">\n\t\t\t\t\t<div class=\"elementor-heading-title elementor-size-default\">Responsabilidad por contenidos<\/div>\t\t\t\t<\/div>\n\t\t\t\t<div class=\"elementor-element elementor-element-5d52f55 elementor-widget elementor-widget-text-editor\" data-id=\"5d52f55\" data-element_type=\"widget\" data-e-type=\"widget\" data-widget_type=\"text-editor.default\">\n\t\t\t\t\t\t\t\t\t<p data-start=\"4060\" data-end=\"4217\">No seremos responsables de ning\u00fan contenido que aparezca en su sitio web. Usted se compromete a protegernos y defendernos de todas las reclamaciones que surjan en su sitio web.<\/p><p data-start=\"4219\" data-end=\"4369\">No deben aparecer enlaces en ning\u00fan sitio web que puedan interpretarse como difamatorios, obscenos, delictivos o que infrinjan o violen derechos de terceros.<\/p>\t\t\t\t\t\t\t\t<\/div>\n\t\t\t\t<div class=\"elementor-element elementor-element-3dccdd5 elementor-widget elementor-widget-heading\" data-id=\"3dccdd5\" data-element_type=\"widget\" data-e-type=\"widget\" data-widget_type=\"heading.default\">\n\t\t\t\t\t<div class=\"elementor-heading-title elementor-size-default\">Su intimidad<\/div>\t\t\t\t<\/div>\n\t\t\t\t<div class=\"elementor-element elementor-element-e6136a7 elementor-widget elementor-widget-text-editor\" data-id=\"e6136a7\" data-element_type=\"widget\" data-e-type=\"widget\" data-widget_type=\"text-editor.default\">\n\t\t\t\t\t\t\t\t\t<p data-start=\"335\" data-end=\"365\">Lea nuestro <a href=\"http:\/\/futamuragroup.com\/wp-content\/uploads\/2026\/01\/Corporate-Policy.pdf\" target=\"_blank\" rel=\"noopener\"><strong data-start=\"4409\" data-end=\"4427\">Pol\u00edtica de privacidad<\/strong><\/a> para obtener informaci\u00f3n detallada sobre c\u00f3mo recopilamos y utilizamos los datos.<\/p>\t\t\t\t\t\t\t\t<\/div>\n\t\t\t\t<div class=\"elementor-element elementor-element-d2ca374 elementor-widget elementor-widget-heading\" data-id=\"d2ca374\" data-element_type=\"widget\" data-e-type=\"widget\" data-widget_type=\"heading.default\">\n\t\t\t\t\t<div class=\"elementor-heading-title elementor-size-default\">Reserva de derechos<\/div>\t\t\t\t<\/div>\n\t\t\t\t<div class=\"elementor-element elementor-element-8d617b2 elementor-widget elementor-widget-text-editor\" data-id=\"8d617b2\" data-element_type=\"widget\" data-e-type=\"widget\" data-widget_type=\"text-editor.default\">\n\t\t\t\t\t\t\t\t\t<p data-start=\"4517\" data-end=\"4669\">Nos reservamos el derecho a solicitarle que elimine todos los enlaces o cualquier enlace concreto a nuestro Sitio Web. Usted se compromete a eliminar inmediatamente todos los enlaces que se le soliciten.<\/p><p data-start=\"4671\" data-end=\"4880\">Asimismo, nos reservamos el derecho a modificar estas condiciones y nuestra pol\u00edtica de enlaces en cualquier momento. Al enlazar de forma continuada con nuestro sitio web, usted acepta quedar vinculado por las presentes condiciones de enlace y cumplirlas.<\/p>\t\t\t\t\t\t\t\t<\/div>\n\t\t\t\t<div class=\"elementor-element elementor-element-69e5b47 elementor-widget elementor-widget-heading\" data-id=\"69e5b47\" data-element_type=\"widget\" data-e-type=\"widget\" data-widget_type=\"heading.default\">\n\t\t\t\t\t<div class=\"elementor-heading-title elementor-size-default\">Descargo de responsabilidad<\/div>\t\t\t\t<\/div>\n\t\t\t\t<div class=\"elementor-element elementor-element-15bbb37 elementor-widget elementor-widget-text-editor\" data-id=\"15bbb37\" data-element_type=\"widget\" data-e-type=\"widget\" data-widget_type=\"text-editor.default\">\n\t\t\t\t\t\t\t\t\t<p data-start=\"4902\" data-end=\"5064\">En la medida m\u00e1xima permitida por la ley aplicable, excluimos todas las representaciones, garant\u00edas y condiciones relacionadas con nuestro sitio web y el uso de este sitio web.<\/p><p data-start=\"5066\" data-end=\"5098\">Nada de lo contenido en esta cl\u00e1usula de exenci\u00f3n de responsabilidad:<\/p><ul data-start=\"5099\" data-end=\"5316\"><li data-start=\"5099\" data-end=\"5170\"><p data-start=\"5101\" data-end=\"5170\">Limitar o excluir nuestra responsabilidad o la suya en caso de fallecimiento o lesiones personales.<\/p><\/li><li data-start=\"5171\" data-end=\"5255\"><p data-start=\"5173\" data-end=\"5255\">Limitar o excluir nuestra responsabilidad o la suya por fraude o tergiversaci\u00f3n fraudulenta.<\/p><\/li><li data-start=\"5256\" data-end=\"5316\"><p data-start=\"5258\" data-end=\"5316\">Limitar cualquier responsabilidad no permitida por la legislaci\u00f3n aplicable<\/p><\/li><\/ul><p data-start=\"5318\" data-end=\"5477\">En la medida en que el sitio web y la informaci\u00f3n y los servicios que en \u00e9l se ofrecen son gratuitos, no seremos responsables de ninguna p\u00e9rdida o da\u00f1o de cualquier naturaleza.<\/p>\t\t\t\t\t\t\t\t<\/div>\n\t\t\t\t\t<\/div>\n\t\t\t\t<\/div>\n\t\t\t\t<\/div>","protected":false},"excerpt":{"rendered":"<p>Terms and Conditions Terms and Conditions for Futamura Group Welcome to Futamura Group! These terms and conditions outline the rules and regulations for the use of Futamura Group\u2019s Website, located at www.futamuragroup.com. By accessing this website, we assume you accept these terms and conditions. Do not continue to use Futamura Group if you do not [&hellip;]<\/p>\n","protected":false},"author":2,"featured_media":0,"parent":0,"menu_order":0,"comment_status":"closed","ping_status":"closed","template":"","meta":{"_acf_changed":false,"footnotes":""},"class_list":["post-1757","page","type-page","status-publish","hentry"],"acf":[],"_links":{"self":[{"href":"https:\/\/www.futamuragroup.com\/es\/wp-json\/wp\/v2\/pages\/1757","targetHints":{"allow":["GET"]}}],"collection":[{"href":"https:\/\/www.futamuragroup.com\/es\/wp-json\/wp\/v2\/pages"}],"about":[{"href":"https:\/\/www.futamuragroup.com\/es\/wp-json\/wp\/v2\/types\/page"}],"author":[{"embeddable":true,"href":"https:\/\/www.futamuragroup.com\/es\/wp-json\/wp\/v2\/users\/2"}],"replies":[{"embeddable":true,"href":"https:\/\/www.futamuragroup.com\/es\/wp-json\/wp\/v2\/comments?post=1757"}],"version-history":[{"count":14,"href":"https:\/\/www.futamuragroup.com\/es\/wp-json\/wp\/v2\/pages\/1757\/revisions"}],"predecessor-version":[{"id":1824,"href":"https:\/\/www.futamuragroup.com\/es\/wp-json\/wp\/v2\/pages\/1757\/revisions\/1824"}],"wp:attachment":[{"href":"https:\/\/www.futamuragroup.com\/es\/wp-json\/wp\/v2\/media?parent=1757"}],"curies":[{"name":"wp","href":"https:\/\/api.w.org\/{rel}","templated":true}]}}