{"id":1361,"date":"2025-12-19T13:05:43","date_gmt":"2025-12-19T13:05:43","guid":{"rendered":"http:\/\/futamuragroup.com\/?page_id=1361"},"modified":"2025-12-19T13:08:46","modified_gmt":"2025-12-19T13:08:46","slug":"sitemap","status":"publish","type":"page","link":"https:\/\/www.futamuragroup.com\/pl\/sitemap\/","title":{"rendered":"Sitemap"},"content":{"rendered":"<div data-elementor-type=\"wp-page\" data-elementor-id=\"1361\" class=\"elementor elementor-1361\" data-elementor-settings=\"{&quot;element_pack_global_tooltip_width&quot;:{&quot;unit&quot;:&quot;px&quot;,&quot;size&quot;:&quot;&quot;,&quot;sizes&quot;:[]},&quot;element_pack_global_tooltip_width_widescreen&quot;:{&quot;unit&quot;:&quot;px&quot;,&quot;size&quot;:&quot;&quot;,&quot;sizes&quot;:[]},&quot;element_pack_global_tooltip_width_laptop&quot;:{&quot;unit&quot;:&quot;px&quot;,&quot;size&quot;:&quot;&quot;,&quot;sizes&quot;:[]},&quot;element_pack_global_tooltip_width_tablet&quot;:{&quot;unit&quot;:&quot;px&quot;,&quot;size&quot;:&quot;&quot;,&quot;sizes&quot;:[]},&quot;element_pack_global_tooltip_width_mobile&quot;:{&quot;unit&quot;:&quot;px&quot;,&quot;size&quot;:&quot;&quot;,&quot;sizes&quot;:[]},&quot;element_pack_global_tooltip_padding&quot;:{&quot;unit&quot;:&quot;px&quot;,&quot;top&quot;:&quot;&quot;,&quot;right&quot;:&quot;&quot;,&quot;bottom&quot;:&quot;&quot;,&quot;left&quot;:&quot;&quot;,&quot;isLinked&quot;:true},&quot;element_pack_global_tooltip_padding_widescreen&quot;:{&quot;unit&quot;:&quot;px&quot;,&quot;top&quot;:&quot;&quot;,&quot;right&quot;:&quot;&quot;,&quot;bottom&quot;:&quot;&quot;,&quot;left&quot;:&quot;&quot;,&quot;isLinked&quot;:true},&quot;element_pack_global_tooltip_padding_laptop&quot;:{&quot;unit&quot;:&quot;px&quot;,&quot;top&quot;:&quot;&quot;,&quot;right&quot;:&quot;&quot;,&quot;bottom&quot;:&quot;&quot;,&quot;left&quot;:&quot;&quot;,&quot;isLinked&quot;:true},&quot;element_pack_global_tooltip_padding_tablet&quot;:{&quot;unit&quot;:&quot;px&quot;,&quot;top&quot;:&quot;&quot;,&quot;right&quot;:&quot;&quot;,&quot;bottom&quot;:&quot;&quot;,&quot;left&quot;:&quot;&quot;,&quot;isLinked&quot;:true},&quot;element_pack_global_tooltip_padding_mobile&quot;:{&quot;unit&quot;:&quot;px&quot;,&quot;top&quot;:&quot;&quot;,&quot;right&quot;:&quot;&quot;,&quot;bottom&quot;:&quot;&quot;,&quot;left&quot;:&quot;&quot;,&quot;isLinked&quot;:true},&quot;element_pack_global_tooltip_border_radius&quot;:{&quot;unit&quot;:&quot;px&quot;,&quot;top&quot;:&quot;&quot;,&quot;right&quot;:&quot;&quot;,&quot;bottom&quot;:&quot;&quot;,&quot;left&quot;:&quot;&quot;,&quot;isLinked&quot;:true},&quot;element_pack_global_tooltip_border_radius_widescreen&quot;:{&quot;unit&quot;:&quot;px&quot;,&quot;top&quot;:&quot;&quot;,&quot;right&quot;:&quot;&quot;,&quot;bottom&quot;:&quot;&quot;,&quot;left&quot;:&quot;&quot;,&quot;isLinked&quot;:true},&quot;element_pack_global_tooltip_border_radius_laptop&quot;:{&quot;unit&quot;:&quot;px&quot;,&quot;top&quot;:&quot;&quot;,&quot;right&quot;:&quot;&quot;,&quot;bottom&quot;:&quot;&quot;,&quot;left&quot;:&quot;&quot;,&quot;isLinked&quot;:true},&quot;element_pack_global_tooltip_border_radius_tablet&quot;:{&quot;unit&quot;:&quot;px&quot;,&quot;top&quot;:&quot;&quot;,&quot;right&quot;:&quot;&quot;,&quot;bottom&quot;:&quot;&quot;,&quot;left&quot;:&quot;&quot;,&quot;isLinked&quot;:true},&quot;element_pack_global_tooltip_border_radius_mobile&quot;:{&quot;unit&quot;:&quot;px&quot;,&quot;top&quot;:&quot;&quot;,&quot;right&quot;:&quot;&quot;,&quot;bottom&quot;:&quot;&quot;,&quot;left&quot;:&quot;&quot;,&quot;isLinked&quot;:true}}\" data-elementor-post-type=\"page\">\n\t\t\t\t<div class=\"elementor-element elementor-element-37590a53 e-flex e-con-boxed e-con e-parent\" data-id=\"37590a53\" data-element_type=\"container\" data-e-type=\"container\" data-settings=\"{&quot;background_background&quot;:&quot;classic&quot;}\">\n\t\t\t\t\t<div class=\"e-con-inner\">\n\t\t\t\t<div class=\"elementor-element elementor-element-6b81c855 elementor-widget elementor-widget-shortcode\" data-id=\"6b81c855\" data-element_type=\"widget\" data-e-type=\"widget\" data-widget_type=\"shortcode.default\">\n\t\t\t\t\t\t\t<div class=\"elementor-shortcode\"><ul class=\"page-tree-badged\"><li class=\"page-tree-item\"><a class=\"page-tree-link\" href=\"https:\/\/www.futamuragroup.com\/pl\/about\/\"><span class=\"page-title\">O<\/span><span class=\"page-badges\"><span class=\"badge badge-parent\">Ma dzieci<\/span><\/span><\/a><ul class=\"page-tree-badged\"><li class=\"page-tree-item\"><a class=\"page-tree-link\" href=\"https:\/\/www.futamuragroup.com\/pl\/about\/careers\/\"><span class=\"page-title\">Kariera<\/span><span class=\"page-badges\"><span class=\"badge badge-elementor\">Elementor<\/span><\/span><\/a><\/li><li class=\"page-tree-item\"><a class=\"page-tree-link\" href=\"https:\/\/www.futamuragroup.com\/pl\/about\/history\/\"><span class=\"page-title\">Historia<\/span><span class=\"page-badges\"><\/span><\/a><\/li><li class=\"page-tree-item\"><a class=\"page-tree-link\" href=\"https:\/\/www.futamuragroup.com\/pl\/about\/history-and-today\/\"><span class=\"page-title\">Historia i dzie\u0144 dzisiejszy<\/span><span class=\"page-badges\"><span class=\"badge badge-elementor\">Elementor<\/span><\/span><\/a><\/li><li class=\"page-tree-item\"><a class=\"page-tree-link\" href=\"https:\/\/www.futamuragroup.com\/pl\/about\/leadership\/\"><span class=\"page-title\">Przyw\u00f3dztwo<\/span><span class=\"page-badges\"><\/span><\/a><\/li><li class=\"page-tree-item\"><a class=\"page-tree-link\" href=\"https:\/\/www.futamuragroup.com\/pl\/about\/policies\/\"><span class=\"page-title\">Zasady<\/span><span class=\"page-badges\"><span class=\"badge badge-elementor\">Elementor<\/span><\/span><\/a><\/li><li class=\"page-tree-item\"><a class=\"page-tree-link\" href=\"https:\/\/www.futamuragroup.com\/pl\/about\/vision-mission-values\/\"><span class=\"page-title\">Wizja, misja, warto\u015bci<\/span><span class=\"page-badges\"><span class=\"badge badge-elementor\">Elementor<\/span><\/span><\/a><\/li><\/ul><\/li><li class=\"page-tree-item\"><a class=\"page-tree-link\" href=\"https:\/\/www.futamuragroup.com\/pl\/applications\/\"><span class=\"page-title\">Zastosowania<\/span><span class=\"page-badges\"><span class=\"badge badge-elementor\">Elementor<\/span><\/span><\/a><\/li><li class=\"page-tree-item\"><a class=\"page-tree-link\" href=\"https:\/\/www.futamuragroup.com\/pl\/cellophane-films\/\"><span class=\"page-title\">Folie celofanowe<\/span><span class=\"page-badges\"><span class=\"badge badge-elementor\">Elementor<\/span><\/span><\/a><\/li><li class=\"page-tree-item\"><a class=\"page-tree-link\" href=\"https:\/\/www.futamuragroup.com\/pl\/contact\/\"><span class=\"page-title\">Kontakt<\/span><span class=\"page-badges\"><span class=\"badge badge-elementor\">Elementor<\/span><\/span><\/a><\/li><li class=\"page-tree-item\"><a class=\"page-tree-link\" href=\"https:\/\/www.futamuragroup.com\/pl\/end-of-life-disposal\/\"><span class=\"page-title\">Utylizacja po zako\u0144czeniu eksploatacji<\/span><span class=\"page-badges\"><span class=\"badge badge-elementor\">Elementor<\/span><\/span><\/a><\/li><li class=\"page-tree-item\"><a class=\"page-tree-link\" href=\"https:\/\/www.futamuragroup.com\/pl\/esg\/\"><span class=\"page-title\">ESG<\/span><span class=\"page-badges\"><span class=\"badge badge-parent\">Ma dzieci<\/span><\/span><\/a><ul class=\"page-tree-badged\"><li class=\"page-tree-item\"><a class=\"page-tree-link\" href=\"https:\/\/www.futamuragroup.com\/pl\/esg\/accreditations\/\"><span class=\"page-title\">Akredytacje<\/span><span class=\"page-badges\"><\/span><\/a><\/li><li class=\"page-tree-item\"><a class=\"page-tree-link\" href=\"https:\/\/www.futamuragroup.com\/pl\/esg\/futamura-commitments\/\"><span class=\"page-title\">Zobowi\u0105zania Futamura<\/span><span class=\"page-badges\"><\/span><\/a><\/li><li class=\"page-tree-item\"><a class=\"page-tree-link\" href=\"https:\/\/www.futamuragroup.com\/pl\/esg\/natureflex-sustainability\/\"><span class=\"page-title\">Zr\u00f3wnowa\u017cony rozw\u00f3j Natureflex<\/span><span class=\"page-badges\"><span class=\"badge badge-elementor\">Elementor<\/span><span class=\"badge badge-parent\">Ma dzieci<\/span><\/span><\/a><ul class=\"page-tree-badged\"><li class=\"page-tree-item\"><a class=\"page-tree-link\" href=\"https:\/\/www.futamuragroup.com\/pl\/esg\/natureflex-sustainability\/end-of-life-disposal\/\"><span class=\"page-title\">Utylizacja po zako\u0144czeniu eksploatacji<\/span><span class=\"page-badges\"><\/span><\/a><\/li><li class=\"page-tree-item\"><a class=\"page-tree-link\" href=\"https:\/\/www.futamuragroup.com\/pl\/esg\/natureflex-sustainability\/lca\/\"><span class=\"page-title\">LCA<\/span><span class=\"page-badges\"><\/span><\/a><\/li><li class=\"page-tree-item\"><a class=\"page-tree-link\" href=\"https:\/\/www.futamuragroup.com\/pl\/esg\/natureflex-sustainability\/performance\/\"><span class=\"page-title\">Wydajno\u015b\u0107<\/span><span class=\"page-badges\"><\/span><\/a><\/li><\/ul><\/li><\/ul><\/li><li class=\"page-tree-item\"><a class=\"page-tree-link\" href=\"https:\/\/www.futamuragroup.com\/pl\/food-packaging\/\"><span class=\"page-title\">Opakowania do \u017cywno\u015bci<\/span><span class=\"page-badges\"><span class=\"badge badge-elementor\">Elementor<\/span><\/span><\/a><\/li><li class=\"page-tree-item\"><a class=\"page-tree-link\" href=\"https:\/\/www.futamuragroup.com\/pl\/foodservice-packaging-solutions\/\"><span class=\"page-title\">Rozwi\u0105zania opakowaniowe dla gastronomii<\/span><span class=\"page-badges\"><span class=\"badge badge-elementor\">Elementor<\/span><\/span><\/a><\/li><li class=\"page-tree-item\"><a class=\"page-tree-link\" href=\"https:\/\/www.futamuragroup.com\/pl\/futamura-leadership\/\"><span class=\"page-title\">Przyw\u00f3dztwo Futamura<\/span><span class=\"page-badges\"><span class=\"badge badge-elementor\">Elementor<\/span><\/span><\/a><\/li><li class=\"page-tree-item\"><a class=\"page-tree-link\" href=\"https:\/\/www.futamuragroup.com\/pl\/\"><span class=\"page-title\">Strona g\u0142\u00f3wna<\/span><span class=\"page-badges\"><span class=\"badge badge-elementor\">Elementor<\/span><\/span><\/a><\/li><li class=\"page-tree-item\"><a class=\"page-tree-link\" href=\"https:\/\/www.futamuragroup.com\/pl\/hr-careers\/\"><span class=\"page-title\">HR i kariera<\/span><span class=\"page-badges\"><span class=\"badge badge-elementor\">Elementor<\/span><\/span><\/a><\/li><li class=\"page-tree-item\"><a class=\"page-tree-link\" href=\"https:\/\/www.futamuragroup.com\/pl\/latest-blogs\/\"><span class=\"page-title\">Najnowsze blogi<\/span><span class=\"page-badges\"><span class=\"badge badge-elementor\">Elementor<\/span><\/span><\/a><\/li><li class=\"page-tree-item\"><a class=\"page-tree-link\" href=\"https:\/\/www.futamuragroup.com\/pl\/latest-news\/\"><span class=\"page-title\">Najnowsze wiadomo\u015bci<\/span><span class=\"page-badges\"><span class=\"badge badge-elementor\">Elementor<\/span><\/span><\/a><\/li><li class=\"page-tree-item\"><a class=\"page-tree-link\" href=\"https:\/\/www.futamuragroup.com\/pl\/lifecycle-assessment\/\"><span class=\"page-title\">Ocena cyklu \u017cycia<\/span><span class=\"page-badges\"><span class=\"badge badge-elementor\">Elementor<\/span><\/span><\/a><\/li><li class=\"page-tree-item\"><a class=\"page-tree-link\" href=\"https:\/\/www.futamuragroup.com\/pl\/markets\/\"><span class=\"page-title\">Rynki<\/span><span class=\"page-badges\"><span class=\"badge badge-parent\">Ma dzieci<\/span><\/span><\/a><ul class=\"page-tree-badged\"><li class=\"page-tree-item\"><a class=\"page-tree-link\" href=\"https:\/\/www.futamuragroup.com\/pl\/markets\/bakery\/\"><span class=\"page-title\">Piekarnia<\/span><span class=\"page-badges\"><\/span><\/a><\/li><li class=\"page-tree-item\"><a class=\"page-tree-link\" href=\"https:\/\/www.futamuragroup.com\/pl\/markets\/beverage-packaging\/\"><span class=\"page-title\">Opakowania na napoje<\/span><span class=\"page-badges\"><span class=\"badge badge-elementor\">Elementor<\/span><\/span><\/a><\/li><li class=\"page-tree-item\"><a class=\"page-tree-link\" href=\"https:\/\/www.futamuragroup.com\/pl\/markets\/cigars\/\"><span class=\"page-title\">Cygara<\/span><span class=\"page-badges\"><span class=\"badge badge-elementor\">Elementor<\/span><\/span><\/a><\/li><li class=\"page-tree-item\"><a class=\"page-tree-link\" href=\"https:\/\/www.futamuragroup.com\/pl\/markets\/confectionery\/\"><span class=\"page-title\">Wyroby cukiernicze<\/span><span class=\"page-badges\"><\/span><\/a><\/li><li class=\"page-tree-item\"><a class=\"page-tree-link\" href=\"https:\/\/www.futamuragroup.com\/pl\/markets\/cosmetics-personal-care\/\"><span class=\"page-title\">Kosmetyki i piel\u0119gnacja cia\u0142a<\/span><span class=\"page-badges\"><span class=\"badge badge-elementor\">Elementor<\/span><\/span><\/a><\/li><li class=\"page-tree-item\"><a class=\"page-tree-link\" href=\"https:\/\/www.futamuragroup.com\/pl\/markets\/dairy\/\"><span class=\"page-title\">Nabia\u0142<\/span><span class=\"page-badges\"><\/span><\/a><\/li><li class=\"page-tree-item\"><a class=\"page-tree-link\" href=\"https:\/\/www.futamuragroup.com\/pl\/markets\/dried-foods\/\"><span class=\"page-title\">Suszona \u017cywno\u015b\u0107<\/span><span class=\"page-badges\"><\/span><\/a><\/li><li class=\"page-tree-item\"><a class=\"page-tree-link\" href=\"https:\/\/www.futamuragroup.com\/pl\/markets\/fresh-produce\/\"><span class=\"page-title\">\u015awie\u017ce produkty<\/span><span class=\"page-badges\"><\/span><\/a><\/li><li class=\"page-tree-item\"><a class=\"page-tree-link\" href=\"https:\/\/www.futamuragroup.com\/pl\/markets\/glitter\/\"><span class=\"page-title\">B\u0142ysk<\/span><span class=\"page-badges\"><span class=\"badge badge-elementor\">Elementor<\/span><\/span><\/a><\/li><li class=\"page-tree-item\"><a class=\"page-tree-link\" href=\"https:\/\/www.futamuragroup.com\/pl\/markets\/industrials-and-household-care\/\"><span class=\"page-title\">Przemys\u0142 i gospodarstwo domowe<\/span><span class=\"page-badges\"><span class=\"badge badge-elementor\">Elementor<\/span><\/span><\/a><\/li><li class=\"page-tree-item\"><a class=\"page-tree-link\" href=\"https:\/\/www.futamuragroup.com\/pl\/markets\/pharmaceutical-and-laboratory-packaging-solutions\/\"><span class=\"page-title\">Rozwi\u0105zania w zakresie opakowa\u0144 farmaceutycznych i laboratoryjnych<\/span><span class=\"page-badges\"><span class=\"badge badge-elementor\">Elementor<\/span><\/span><\/a><\/li><li class=\"page-tree-item\"><a class=\"page-tree-link\" href=\"https:\/\/www.futamuragroup.com\/pl\/markets\/snack\/\"><span class=\"page-title\">Przek\u0105ska<\/span><span class=\"page-badges\"><\/span><\/a><\/li><li class=\"page-tree-item\"><a class=\"page-tree-link\" href=\"https:\/\/www.futamuragroup.com\/pl\/markets\/martkets-test-page\/\"><span class=\"page-title\">Testowa strona<\/span><span class=\"page-badges\"><span class=\"badge badge-elementor\">Elementor<\/span><\/span><\/a><\/li><\/ul><\/li><li class=\"page-tree-item\"><a class=\"page-tree-link\" href=\"https:\/\/www.futamuragroup.com\/pl\/media-centre\/\"><span class=\"page-title\">Centrum medialne<\/span><span class=\"page-badges\"><span class=\"badge badge-elementor\">Elementor<\/span><span class=\"badge badge-parent\">Ma dzieci<\/span><\/span><\/a><ul class=\"page-tree-badged\"><li class=\"page-tree-item\"><a class=\"page-tree-link\" href=\"https:\/\/www.futamuragroup.com\/pl\/media-centre\/blog\/\"><span class=\"page-title\">Blog<\/span><span class=\"page-badges\"><\/span><\/a><\/li><li class=\"page-tree-item\"><a class=\"page-tree-link\" href=\"https:\/\/www.futamuragroup.com\/pl\/media-centre\/news\/\"><span class=\"page-title\">Aktualno\u015bci<\/span><span class=\"page-badges\"><\/span><\/a><\/li><\/ul><\/li><li class=\"page-tree-item\"><a class=\"page-tree-link\" href=\"https:\/\/www.futamuragroup.com\/pl\/natureflex-sustainability\/\"><span class=\"page-title\">Zr\u00f3wnowa\u017cony rozw\u00f3j NatureFlex<\/span><span class=\"page-badges\"><span class=\"badge badge-elementor\">Elementor<\/span><\/span><\/a><\/li><li class=\"page-tree-item\"><a class=\"page-tree-link\" href=\"https:\/\/www.futamuragroup.com\/pl\/naturelace\/\"><span class=\"page-title\">NatureLace<\/span><span class=\"page-badges\"><span class=\"badge badge-elementor\">Elementor<\/span><\/span><\/a><\/li><li class=\"page-tree-item\"><a class=\"page-tree-link\" href=\"https:\/\/www.futamuragroup.com\/pl\/naturesphere\/\"><span class=\"page-title\">NatureSphere\u2122<\/span><span class=\"page-badges\"><span class=\"badge badge-elementor\">Elementor<\/span><\/span><\/a><\/li><li class=\"page-tree-item\"><a class=\"page-tree-link\" href=\"https:\/\/www.futamuragroup.com\/pl\/products\/\"><span class=\"page-title\">Produkty<\/span><span class=\"page-badges\"><span class=\"badge badge-parent\">Ma dzieci<\/span><\/span><\/a><ul class=\"page-tree-badged\"><li class=\"page-tree-item\"><a class=\"page-tree-link\" href=\"https:\/\/www.futamuragroup.com\/pl\/products\/cellophane\/\"><span class=\"page-title\">Celofan\u2122<\/span><span class=\"page-badges\"><\/span><\/a><\/li><li class=\"page-tree-item\"><a class=\"page-tree-link\" href=\"https:\/\/www.futamuragroup.com\/pl\/products\/fibrous-casings\/\"><span class=\"page-title\">W\u0142\u00f3kniste os\u0142onki<\/span><span class=\"page-badges\"><\/span><\/a><\/li><li class=\"page-tree-item\"><a class=\"page-tree-link\" href=\"https:\/\/www.futamuragroup.com\/pl\/products\/meatlonn-fibrous-casings\/\"><span class=\"page-title\">W\u0142\u00f3kniste os\u0142onki MEATLONN\u2122<\/span><span class=\"page-badges\"><span class=\"badge badge-elementor\">Elementor<\/span><\/span><\/a><\/li><li class=\"page-tree-item\"><a class=\"page-tree-link\" href=\"https:\/\/www.futamuragroup.com\/pl\/products\/natureflex\/\"><span class=\"page-title\">NatureFlex\u2122<\/span><span class=\"page-badges\"><span class=\"badge badge-elementor\">Elementor<\/span><\/span><\/a><\/li><li class=\"page-tree-item\"><a class=\"page-tree-link\" href=\"https:\/\/www.futamuragroup.com\/pl\/products\/naturelace\/\"><span class=\"page-title\">NatureLace\u2122<\/span><span class=\"page-badges\"><\/span><\/a><\/li><\/ul><\/li><li class=\"page-tree-item\"><a class=\"page-tree-link\" href=\"https:\/\/www.futamuragroup.com\/pl\/research-and-innovation\/\"><span class=\"page-title\">Badania i innowacje<\/span><span class=\"page-badges\"><span class=\"badge badge-elementor\">Elementor<\/span><\/span><\/a><\/li><li class=\"page-tree-item\"><a class=\"page-tree-link\" href=\"https:\/\/www.futamuragroup.com\/pl\/resources\/\"><span class=\"page-title\">Zasoby<\/span><span class=\"page-badges\"><span class=\"badge badge-parent\">Ma dzieci<\/span><\/span><\/a><ul class=\"page-tree-badged\"><li class=\"page-tree-item\"><a class=\"page-tree-link\" href=\"https:\/\/www.futamuragroup.com\/pl\/resources\/brochures\/\"><span class=\"page-title\">Broszury<\/span><span class=\"page-badges\"><\/span><\/a><\/li><li class=\"page-tree-item\"><a class=\"page-tree-link\" href=\"https:\/\/www.futamuragroup.com\/pl\/resources\/faqs\/\"><span class=\"page-title\">Najcz\u0119\u015bciej zadawane pytania<\/span><span class=\"page-badges\"><span class=\"badge badge-elementor\">Elementor<\/span><\/span><\/a><\/li><li class=\"page-tree-item\"><a class=\"page-tree-link\" href=\"https:\/\/www.futamuragroup.com\/pl\/resources\/videos\/\"><span class=\"page-title\">Filmy<\/span><span class=\"page-badges\"><\/span><\/a><\/li><\/ul><\/li><li class=\"page-tree-item\"><a class=\"page-tree-link\" href=\"https:\/\/www.futamuragroup.com\/pl\/sitemap\/\"><span class=\"page-title\">Sitemap<\/span><span class=\"page-badges\"><span class=\"badge badge-elementor\">Elementor<\/span><\/span><\/a><\/li><li class=\"page-tree-item\"><a class=\"page-tree-link\" href=\"https:\/\/www.futamuragroup.com\/pl\/sustainability-and-accreditations\/\"><span class=\"page-title\">Zr\u00f3wnowa\u017cony rozw\u00f3j i akredytacje<\/span><span class=\"page-badges\"><span class=\"badge badge-elementor\">Elementor<\/span><\/span><\/a><\/li><li class=\"page-tree-item\"><a class=\"page-tree-link\" href=\"https:\/\/www.futamuragroup.com\/pl\/terms-and-conditions\/\"><span class=\"page-title\">Zasady i warunki<\/span><span class=\"page-badges\"><span class=\"badge badge-elementor\">Elementor<\/span><\/span><\/a><\/li><\/ul>\n<\/div>\n\t\t\t\t\t\t<\/div>\n\t\t\t\t\t<\/div>\n\t\t\t\t<\/div>\n\t\t\t\t<\/div>","protected":false},"excerpt":{"rendered":"","protected":false},"author":2,"featured_media":0,"parent":0,"menu_order":0,"comment_status":"closed","ping_status":"closed","template":"","meta":{"_acf_changed":false,"footnotes":""},"class_list":["post-1361","page","type-page","status-publish","hentry"],"acf":[],"yoast_head":"<!-- This site is optimized with the Yoast SEO plugin v27.4 - https:\/\/yoast.com\/product\/yoast-seo-wordpress\/ -->\n<title>Sitemap - Futamura<\/title>\n<meta name=\"robots\" content=\"index, follow, max-snippet:-1, max-image-preview:large, max-video-preview:-1\" \/>\n<link rel=\"canonical\" href=\"https:\/\/www.futamuragroup.com\/pl\/sitemap\/\" \/>\n<meta property=\"og:locale\" content=\"pl_PL\" \/>\n<meta property=\"og:type\" content=\"article\" \/>\n<meta property=\"og:title\" content=\"Sitemap - Futamura\" \/>\n<meta property=\"og:url\" content=\"https:\/\/www.futamuragroup.com\/pl\/sitemap\/\" \/>\n<meta property=\"og:site_name\" content=\"Futamura\" \/>\n<meta property=\"article:modified_time\" content=\"2025-12-19T13:08:46+00:00\" \/>\n<meta name=\"twitter:card\" content=\"summary_large_image\" \/>\n<script type=\"application\/ld+json\" class=\"yoast-schema-graph\">{\"@context\":\"https:\\\/\\\/schema.org\",\"@graph\":[{\"@type\":\"WebPage\",\"@id\":\"https:\\\/\\\/www.futamuragroup.com\\\/sitemap\\\/\",\"url\":\"https:\\\/\\\/www.futamuragroup.com\\\/sitemap\\\/\",\"name\":\"Sitemap - Futamura\",\"isPartOf\":{\"@id\":\"https:\\\/\\\/www.futamuragroup.com\\\/#website\"},\"datePublished\":\"2025-12-19T13:05:43+00:00\",\"dateModified\":\"2025-12-19T13:08:46+00:00\",\"breadcrumb\":{\"@id\":\"https:\\\/\\\/www.futamuragroup.com\\\/sitemap\\\/#breadcrumb\"},\"inLanguage\":\"pl-PL\",\"potentialAction\":[{\"@type\":\"ReadAction\",\"target\":[\"https:\\\/\\\/www.futamuragroup.com\\\/sitemap\\\/\"]}]},{\"@type\":\"BreadcrumbList\",\"@id\":\"https:\\\/\\\/www.futamuragroup.com\\\/sitemap\\\/#breadcrumb\",\"itemListElement\":[{\"@type\":\"ListItem\",\"position\":1,\"name\":\"Home\",\"item\":\"https:\\\/\\\/www.futamuragroup.com\\\/\"},{\"@type\":\"ListItem\",\"position\":2,\"name\":\"Sitemap\"}]},{\"@type\":\"WebSite\",\"@id\":\"https:\\\/\\\/www.futamuragroup.com\\\/#website\",\"url\":\"https:\\\/\\\/www.futamuragroup.com\\\/\",\"name\":\"Futamura\",\"description\":\"innovative cellulose-based solutions\",\"potentialAction\":[{\"@type\":\"SearchAction\",\"target\":{\"@type\":\"EntryPoint\",\"urlTemplate\":\"https:\\\/\\\/www.futamuragroup.com\\\/?s={search_term_string}\"},\"query-input\":{\"@type\":\"PropertyValueSpecification\",\"valueRequired\":true,\"valueName\":\"search_term_string\"}}],\"inLanguage\":\"pl-PL\"}]}<\/script>\n<!-- \/ Yoast SEO plugin. -->","yoast_head_json":{"title":"Sitemap - Futamura","robots":{"index":"index","follow":"follow","max-snippet":"max-snippet:-1","max-image-preview":"max-image-preview:large","max-video-preview":"max-video-preview:-1"},"canonical":"https:\/\/www.futamuragroup.com\/pl\/sitemap\/","og_locale":"pl_PL","og_type":"article","og_title":"Sitemap - Futamura","og_url":"https:\/\/www.futamuragroup.com\/pl\/sitemap\/","og_site_name":"Futamura","article_modified_time":"2025-12-19T13:08:46+00:00","twitter_card":"summary_large_image","schema":{"@context":"https:\/\/schema.org","@graph":[{"@type":"WebPage","@id":"https:\/\/www.futamuragroup.com\/sitemap\/","url":"https:\/\/www.futamuragroup.com\/sitemap\/","name":"Sitemap - Futamura","isPartOf":{"@id":"https:\/\/www.futamuragroup.com\/#website"},"datePublished":"2025-12-19T13:05:43+00:00","dateModified":"2025-12-19T13:08:46+00:00","breadcrumb":{"@id":"https:\/\/www.futamuragroup.com\/sitemap\/#breadcrumb"},"inLanguage":"pl-PL","potentialAction":[{"@type":"ReadAction","target":["https:\/\/www.futamuragroup.com\/sitemap\/"]}]},{"@type":"BreadcrumbList","@id":"https:\/\/www.futamuragroup.com\/sitemap\/#breadcrumb","itemListElement":[{"@type":"ListItem","position":1,"name":"Home","item":"https:\/\/www.futamuragroup.com\/"},{"@type":"ListItem","position":2,"name":"Sitemap"}]},{"@type":"WebSite","@id":"https:\/\/www.futamuragroup.com\/#website","url":"https:\/\/www.futamuragroup.com\/","name":"Futamura","description":"Innowacyjne rozwi\u0105zania na bazie celulozy","potentialAction":[{"@type":"SearchAction","target":{"@type":"EntryPoint","urlTemplate":"https:\/\/www.futamuragroup.com\/?s={search_term_string}"},"query-input":{"@type":"PropertyValueSpecification","valueRequired":true,"valueName":"search_term_string"}}],"inLanguage":"pl-PL"}]}},"_links":{"self":[{"href":"https:\/\/www.futamuragroup.com\/pl\/wp-json\/wp\/v2\/pages\/1361","targetHints":{"allow":["GET"]}}],"collection":[{"href":"https:\/\/www.futamuragroup.com\/pl\/wp-json\/wp\/v2\/pages"}],"about":[{"href":"https:\/\/www.futamuragroup.com\/pl\/wp-json\/wp\/v2\/types\/page"}],"author":[{"embeddable":true,"href":"https:\/\/www.futamuragroup.com\/pl\/wp-json\/wp\/v2\/users\/2"}],"replies":[{"embeddable":true,"href":"https:\/\/www.futamuragroup.com\/pl\/wp-json\/wp\/v2\/comments?post=1361"}],"version-history":[{"count":7,"href":"https:\/\/www.futamuragroup.com\/pl\/wp-json\/wp\/v2\/pages\/1361\/revisions"}],"predecessor-version":[{"id":1369,"href":"https:\/\/www.futamuragroup.com\/pl\/wp-json\/wp\/v2\/pages\/1361\/revisions\/1369"}],"wp:attachment":[{"href":"https:\/\/www.futamuragroup.com\/pl\/wp-json\/wp\/v2\/media?parent=1361"}],"curies":[{"name":"wp","href":"https:\/\/api.w.org\/{rel}","templated":true}]}}