{"id":1757,"date":"2026-01-19T12:44:08","date_gmt":"2026-01-19T12:44:08","guid":{"rendered":"http:\/\/futamuragroup.com\/?page_id=1757"},"modified":"2026-01-22T18:42:09","modified_gmt":"2026-01-22T18:42:09","slug":"terms-and-conditions","status":"publish","type":"page","link":"https:\/\/www.futamuragroup.com\/pl\/terms-and-conditions\/","title":{"rendered":"Zasady i warunki"},"content":{"rendered":"<div data-elementor-type=\"wp-page\" data-elementor-id=\"1757\" class=\"elementor elementor-1757\" data-elementor-settings=\"{&quot;element_pack_global_tooltip_width&quot;:{&quot;unit&quot;:&quot;px&quot;,&quot;size&quot;:&quot;&quot;,&quot;sizes&quot;:[]},&quot;element_pack_global_tooltip_width_widescreen&quot;:{&quot;unit&quot;:&quot;px&quot;,&quot;size&quot;:&quot;&quot;,&quot;sizes&quot;:[]},&quot;element_pack_global_tooltip_width_laptop&quot;:{&quot;unit&quot;:&quot;px&quot;,&quot;size&quot;:&quot;&quot;,&quot;sizes&quot;:[]},&quot;element_pack_global_tooltip_width_tablet&quot;:{&quot;unit&quot;:&quot;px&quot;,&quot;size&quot;:&quot;&quot;,&quot;sizes&quot;:[]},&quot;element_pack_global_tooltip_width_mobile&quot;:{&quot;unit&quot;:&quot;px&quot;,&quot;size&quot;:&quot;&quot;,&quot;sizes&quot;:[]},&quot;element_pack_global_tooltip_padding&quot;:{&quot;unit&quot;:&quot;px&quot;,&quot;top&quot;:&quot;&quot;,&quot;right&quot;:&quot;&quot;,&quot;bottom&quot;:&quot;&quot;,&quot;left&quot;:&quot;&quot;,&quot;isLinked&quot;:true},&quot;element_pack_global_tooltip_padding_widescreen&quot;:{&quot;unit&quot;:&quot;px&quot;,&quot;top&quot;:&quot;&quot;,&quot;right&quot;:&quot;&quot;,&quot;bottom&quot;:&quot;&quot;,&quot;left&quot;:&quot;&quot;,&quot;isLinked&quot;:true},&quot;element_pack_global_tooltip_padding_laptop&quot;:{&quot;unit&quot;:&quot;px&quot;,&quot;top&quot;:&quot;&quot;,&quot;right&quot;:&quot;&quot;,&quot;bottom&quot;:&quot;&quot;,&quot;left&quot;:&quot;&quot;,&quot;isLinked&quot;:true},&quot;element_pack_global_tooltip_padding_tablet&quot;:{&quot;unit&quot;:&quot;px&quot;,&quot;top&quot;:&quot;&quot;,&quot;right&quot;:&quot;&quot;,&quot;bottom&quot;:&quot;&quot;,&quot;left&quot;:&quot;&quot;,&quot;isLinked&quot;:true},&quot;element_pack_global_tooltip_padding_mobile&quot;:{&quot;unit&quot;:&quot;px&quot;,&quot;top&quot;:&quot;&quot;,&quot;right&quot;:&quot;&quot;,&quot;bottom&quot;:&quot;&quot;,&quot;left&quot;:&quot;&quot;,&quot;isLinked&quot;:true},&quot;element_pack_global_tooltip_border_radius&quot;:{&quot;unit&quot;:&quot;px&quot;,&quot;top&quot;:&quot;&quot;,&quot;right&quot;:&quot;&quot;,&quot;bottom&quot;:&quot;&quot;,&quot;left&quot;:&quot;&quot;,&quot;isLinked&quot;:true},&quot;element_pack_global_tooltip_border_radius_widescreen&quot;:{&quot;unit&quot;:&quot;px&quot;,&quot;top&quot;:&quot;&quot;,&quot;right&quot;:&quot;&quot;,&quot;bottom&quot;:&quot;&quot;,&quot;left&quot;:&quot;&quot;,&quot;isLinked&quot;:true},&quot;element_pack_global_tooltip_border_radius_laptop&quot;:{&quot;unit&quot;:&quot;px&quot;,&quot;top&quot;:&quot;&quot;,&quot;right&quot;:&quot;&quot;,&quot;bottom&quot;:&quot;&quot;,&quot;left&quot;:&quot;&quot;,&quot;isLinked&quot;:true},&quot;element_pack_global_tooltip_border_radius_tablet&quot;:{&quot;unit&quot;:&quot;px&quot;,&quot;top&quot;:&quot;&quot;,&quot;right&quot;:&quot;&quot;,&quot;bottom&quot;:&quot;&quot;,&quot;left&quot;:&quot;&quot;,&quot;isLinked&quot;:true},&quot;element_pack_global_tooltip_border_radius_mobile&quot;:{&quot;unit&quot;:&quot;px&quot;,&quot;top&quot;:&quot;&quot;,&quot;right&quot;:&quot;&quot;,&quot;bottom&quot;:&quot;&quot;,&quot;left&quot;:&quot;&quot;,&quot;isLinked&quot;:true}}\" data-elementor-post-type=\"page\">\n\t\t\t\t<div class=\"elementor-element elementor-element-ed3347d e-flex e-con-boxed e-con e-parent\" data-id=\"ed3347d\" data-element_type=\"container\" data-e-type=\"container\" data-settings=\"{&quot;background_background&quot;:&quot;classic&quot;}\">\n\t\t\t\t\t<div class=\"e-con-inner\">\n\t\t<div class=\"elementor-element elementor-element-76628b4 e-con-full e-flex e-con e-child\" data-id=\"76628b4\" data-element_type=\"container\" data-e-type=\"container\">\n\t\t\t\t<div class=\"elementor-element elementor-element-1c00d50 elementor-widget elementor-widget-heading\" data-id=\"1c00d50\" data-element_type=\"widget\" data-e-type=\"widget\" data-widget_type=\"heading.default\">\n\t\t\t\t\t<h1 class=\"elementor-heading-title elementor-size-default\">Zasady i warunki<\/h1>\t\t\t\t<\/div>\n\t\t\t\t<\/div>\n\t\t\t\t\t<\/div>\n\t\t\t\t<\/div>\n\t\t<div class=\"elementor-element elementor-element-55770 e-flex e-con-boxed e-con e-parent\" data-id=\"55770\" data-element_type=\"container\" data-e-type=\"container\">\n\t\t\t\t\t<div class=\"e-con-inner\">\n\t\t\t\t<div class=\"elementor-element elementor-element-1c5f379 elementor-widget elementor-widget-heading\" data-id=\"1c5f379\" data-element_type=\"widget\" data-e-type=\"widget\" data-widget_type=\"heading.default\">\n\t\t\t\t\t<h2 class=\"elementor-heading-title elementor-size-default\">Zasady i warunki<\/h2>\t\t\t\t<\/div>\n\t\t\t\t<div class=\"elementor-element elementor-element-abcaf1a elementor-widget elementor-widget-heading\" data-id=\"abcaf1a\" data-element_type=\"widget\" data-e-type=\"widget\" data-widget_type=\"heading.default\">\n\t\t\t\t\t<div class=\"elementor-heading-title elementor-size-default\">Warunki korzystania z serwisu Futamura Group<\/div>\t\t\t\t<\/div>\n\t\t\t\t<div class=\"elementor-element elementor-element-5c3417b elementor-widget elementor-widget-text-editor\" data-id=\"5c3417b\" data-element_type=\"widget\" data-e-type=\"widget\" data-widget_type=\"text-editor.default\">\n\t\t\t\t\t\t\t\t\t<p data-start=\"335\" data-end=\"365\">Witamy w <strong data-start=\"346\" data-end=\"364\">Futamura Group<\/strong>!<\/p><p data-start=\"367\" data-end=\"506\">Niniejsze warunki okre\u015blaj\u0105 zasady i przepisy dotycz\u0105ce korzystania z witryny internetowej Futamura Group, znajduj\u0105cej si\u0119 pod adresem <strong data-start=\"480\" data-end=\"505\"><a href=\"http:\/\/www.futamuragroup.com\/pl\/\" target=\"_new\" rel=\"noopener\" data-start=\"482\" data-end=\"503\">www.futamuragroup.com<\/a><\/strong>.<\/p><p data-start=\"508\" data-end=\"702\">Uzyskuj\u0105c dost\u0119p do tej witryny, zak\u0142adamy, \u017ce akceptujesz te warunki. Nie kontynuuj korzystania z Futamura Group, je\u015bli nie zgadzasz si\u0119 na wszystkie warunki okre\u015blone na tej stronie.<\/p>\t\t\t\t\t\t\t\t<\/div>\n\t\t\t\t<div class=\"elementor-element elementor-element-3b78c57 elementor-widget elementor-widget-heading\" data-id=\"3b78c57\" data-element_type=\"widget\" data-e-type=\"widget\" data-widget_type=\"heading.default\">\n\t\t\t\t\t<div class=\"elementor-heading-title elementor-size-default\">Terminologia<\/div>\t\t\t\t<\/div>\n\t\t\t\t<div class=\"elementor-element elementor-element-6781c6d elementor-widget elementor-widget-text-editor\" data-id=\"6781c6d\" data-element_type=\"widget\" data-e-type=\"widget\" data-widget_type=\"text-editor.default\">\n\t\t\t\t\t\t\t\t\t<p data-start=\"725\" data-end=\"825\">Poni\u017csza terminologia ma zastosowanie do niniejszego Regulaminu, Polityki Prywatno\u015bci i wszystkich Um\u00f3w:<\/p><ul data-start=\"827\" data-end=\"1101\"><li data-start=\"827\" data-end=\"948\"><p data-start=\"829\" data-end=\"948\"><strong data-start=\"829\" data-end=\"856\">\u201cKlient\u201d, \u201cTy\u201d, \u201cTw\u00f3j\u201d<\/strong> odnosi si\u0119 do u\u017cytkownika, osoby loguj\u0105cej si\u0119 na tej stronie i przestrzegaj\u0105cej warunk\u00f3w Sp\u00f3\u0142ki.<\/p><\/li><li data-start=\"949\" data-end=\"1026\"><p data-start=\"951\" data-end=\"1026\"><strong data-start=\"951\" data-end=\"1000\">\u201cThe Company\u201d, \u201cOurselves\u201d, \u201cWe\u201d, \u201cOur\u201d, \u201cUs\u201d.\u201d<\/strong> odnosi si\u0119 do Futamura Group.<\/p><\/li><li data-start=\"1027\" data-end=\"1101\"><p data-start=\"1029\" data-end=\"1101\"><strong data-start=\"1029\" data-end=\"1060\">\u201cStrona\u201d, \u201cStrony\u201d lub \u201cMy\u201d<\/strong> odnosi si\u0119 zar\u00f3wno do Klienta, jak i do nas samych.<\/p><\/li><\/ul><p data-start=\"1103\" data-end=\"1376\">Wszystkie warunki odnosz\u0105 si\u0119 do oferty, akceptacji i uwzgl\u0119dnienia p\u0142atno\u015bci niezb\u0119dnych do podj\u0119cia procesu naszej pomocy Klientowi w najbardziej odpowiedni spos\u00f3b w wyra\u017anym celu zaspokojenia potrzeb Klienta, zgodnie z obowi\u0105zuj\u0105cym prawem i z zastrze\u017ceniem obowi\u0105zuj\u0105cego prawa.<\/p>\t\t\t\t\t\t\t\t<\/div>\n\t\t\t\t<div class=\"elementor-element elementor-element-7e27576 elementor-widget elementor-widget-heading\" data-id=\"7e27576\" data-element_type=\"widget\" data-e-type=\"widget\" data-widget_type=\"heading.default\">\n\t\t\t\t\t<div class=\"elementor-heading-title elementor-size-default\">Pliki cookie<\/div>\t\t\t\t<\/div>\n\t\t\t\t<div class=\"elementor-element elementor-element-06dd7ca elementor-widget elementor-widget-text-editor\" data-id=\"06dd7ca\" data-element_type=\"widget\" data-e-type=\"widget\" data-widget_type=\"text-editor.default\">\n\t\t\t\t\t\t\t\t\t<p data-start=\"1395\" data-end=\"1530\">Korzystamy z plik\u00f3w cookie. Uzyskuj\u0105c dost\u0119p do Futamura Group, zgadzasz si\u0119 na u\u017cywanie plik\u00f3w cookie zgodnie z Polityk\u0105 prywatno\u015bci Futamura Group.<\/p><p data-start=\"1532\" data-end=\"1823\">Wi\u0119kszo\u015b\u0107 interaktywnych witryn internetowych wykorzystuje pliki cookie, aby umo\u017cliwi\u0107 nam pobieranie danych u\u017cytkownika podczas ka\u017cdej wizyty. Pliki cookie s\u0105 u\u017cywane przez nasz\u0105 witryn\u0119 internetow\u0105 w celu umo\u017cliwienia dzia\u0142ania niekt\u00f3rych obszar\u00f3w i u\u0142atwienia osobom odwiedzaj\u0105cym nasz\u0105 witryn\u0119. Niekt\u00f3rzy z naszych partner\u00f3w stowarzyszonych lub reklamowych mog\u0105 r\u00f3wnie\u017c u\u017cywa\u0107 plik\u00f3w cookie.<\/p>\t\t\t\t\t\t\t\t<\/div>\n\t\t\t\t<div class=\"elementor-element elementor-element-a1792e9 elementor-widget elementor-widget-heading\" data-id=\"a1792e9\" data-element_type=\"widget\" data-e-type=\"widget\" data-widget_type=\"heading.default\">\n\t\t\t\t\t<div class=\"elementor-heading-title elementor-size-default\">Licencja<\/div>\t\t\t\t<\/div>\n\t\t\t\t<div class=\"elementor-element elementor-element-2e0fa63 elementor-widget elementor-widget-text-editor\" data-id=\"2e0fa63\" data-element_type=\"widget\" data-e-type=\"widget\" data-widget_type=\"text-editor.default\">\n\t\t\t\t\t\t\t\t\t<p data-start=\"1842\" data-end=\"2022\">O ile nie okre\u015blono inaczej, Futamura Group i\/lub jej licencjodawcy s\u0105 w\u0142a\u015bcicielami praw w\u0142asno\u015bci intelektualnej do wszystkich materia\u0142\u00f3w zamieszczonych na Futamura Group. Wszelkie prawa w\u0142asno\u015bci intelektualnej s\u0105 zastrze\u017cone.<\/p><p data-start=\"2024\" data-end=\"2149\">U\u017cytkownik mo\u017ce uzyska\u0107 dost\u0119p do tej witryny Futamura Group na w\u0142asny u\u017cytek, z zastrze\u017ceniem ogranicze\u0144 okre\u015blonych w niniejszych warunkach.<\/p><p data-start=\"2151\" data-end=\"2168\"><strong>Nie wolno:<\/strong><\/p><ul data-start=\"2169\" data-end=\"2379\"><li data-start=\"2169\" data-end=\"2211\"><p data-start=\"2171\" data-end=\"2211\">Ponowna publikacja materia\u0142\u00f3w od Futamura Group<\/p><\/li><li data-start=\"2212\" data-end=\"2271\"><p data-start=\"2214\" data-end=\"2271\">Sprzedawa\u0107, wynajmowa\u0107 lub udziela\u0107 sublicencji na materia\u0142y Futamura Group<\/p><\/li><li data-start=\"2272\" data-end=\"2334\"><p data-start=\"2274\" data-end=\"2334\">Reprodukowanie, powielanie lub kopiowanie materia\u0142\u00f3w Futamura Group<\/p><\/li><li data-start=\"2335\" data-end=\"2379\"><p data-start=\"2337\" data-end=\"2379\">Redystrybucja tre\u015bci od Futamura Group<\/p><\/li><\/ul><p data-start=\"2381\" data-end=\"2427\">Niniejsza Umowa rozpoczyna si\u0119 w dniu jej zawarcia.<\/p>\t\t\t\t\t\t\t\t<\/div>\n\t\t\t\t<div class=\"elementor-element elementor-element-f8947e2 elementor-widget elementor-widget-heading\" data-id=\"f8947e2\" data-element_type=\"widget\" data-e-type=\"widget\" data-widget_type=\"heading.default\">\n\t\t\t\t\t<div class=\"elementor-heading-title elementor-size-default\">Komentarze i tre\u015bci u\u017cytkownik\u00f3w<\/div>\t\t\t\t<\/div>\n\t\t\t\t<div class=\"elementor-element elementor-element-660ec00 elementor-widget elementor-widget-text-editor\" data-id=\"660ec00\" data-element_type=\"widget\" data-e-type=\"widget\" data-widget_type=\"text-editor.default\">\n\t\t\t\t\t\t\t\t\t<p data-start=\"2464\" data-end=\"2673\">Cz\u0119\u015bci tej witryny mog\u0105 oferowa\u0107 u\u017cytkownikom mo\u017cliwo\u015b\u0107 publikowania i wymiany opinii i informacji. Futamura Group nie filtruje, nie edytuje, nie publikuje ani nie przegl\u0105da komentarzy przed ich umieszczeniem w witrynie.<\/p><p data-start=\"2675\" data-end=\"2837\">Komentarze nie odzwierciedlaj\u0105 pogl\u0105d\u00f3w i opinii Futamura Group, jej przedstawicieli ani podmiot\u00f3w stowarzyszonych. Komentarze odzwierciedlaj\u0105 pogl\u0105dy i opinie osoby, kt\u00f3ra je publikuje.<\/p><p data-start=\"2839\" data-end=\"3050\">W zakresie dozwolonym przez obowi\u0105zuj\u0105ce prawo, Futamura Group nie ponosi odpowiedzialno\u015bci za Komentarze ani za jak\u0105kolwiek odpowiedzialno\u015b\u0107, szkody lub wydatki powsta\u0142e w wyniku jakiegokolwiek wykorzystania lub zamieszczenia Komentarzy na tej stronie.<\/p><p data-start=\"3052\" data-end=\"3221\">Zastrzegamy sobie prawo do monitorowania wszystkich Komentarzy i usuwania wszelkich Komentarzy, kt\u00f3re mo\u017cna uzna\u0107 za nieodpowiednie, obra\u017aliwe lub powoduj\u0105ce naruszenie niniejszych Warunk\u00f3w.<\/p>\t\t\t\t\t\t\t\t<\/div>\n\t\t\t\t<div class=\"elementor-element elementor-element-84272fd elementor-widget elementor-widget-heading\" data-id=\"84272fd\" data-element_type=\"widget\" data-e-type=\"widget\" data-widget_type=\"heading.default\">\n\t\t\t\t\t<div class=\"elementor-heading-title elementor-size-default\">Hiper\u0142\u0105cza do naszych tre\u015bci<\/div>\t\t\t\t<\/div>\n\t\t\t\t<div class=\"elementor-element elementor-element-be48a44 elementor-widget elementor-widget-text-editor\" data-id=\"be48a44\" data-element_type=\"widget\" data-e-type=\"widget\" data-widget_type=\"text-editor.default\">\n\t\t\t\t\t\t\t\t\t<p data-start=\"3260\" data-end=\"3343\">Nast\u0119puj\u0105ce organizacje mog\u0105 zamieszcza\u0107 \u0142\u0105cza do naszej Witryny bez uprzedniej pisemnej zgody:<\/p><ul data-start=\"3344\" data-end=\"3443\"><li data-start=\"3344\" data-end=\"3367\"><p data-start=\"3346\" data-end=\"3367\">Agencje rz\u0105dowe<\/p><\/li><li data-start=\"3368\" data-end=\"3386\"><p data-start=\"3370\" data-end=\"3386\">Wyszukiwarki<\/p><\/li><li data-start=\"3387\" data-end=\"3409\"><p data-start=\"3389\" data-end=\"3409\">Organizacje informacyjne<\/p><\/li><li data-start=\"3410\" data-end=\"3443\"><p data-start=\"3412\" data-end=\"3443\">Dystrybutorzy katalog\u00f3w online<\/p><\/li><\/ul><p data-start=\"3445\" data-end=\"3555\">Organizacje te mog\u0105 zamieszcza\u0107 \u0142\u0105cza do naszej strony g\u0142\u00f3wnej, publikacji lub innych informacji w Witrynie, o ile takie \u0142\u0105cze istnieje:<\/p><ul data-start=\"3556\" data-end=\"3686\"><li data-start=\"3556\" data-end=\"3576\"><p data-start=\"3558\" data-end=\"3576\">Nie jest zwodniczy<\/p><\/li><li data-start=\"3577\" data-end=\"3630\"><p data-start=\"3579\" data-end=\"3630\">Nie sugeruje fa\u0142szywie sponsorowania lub poparcia.<\/p><\/li><li data-start=\"3631\" data-end=\"3686\"><p data-start=\"3633\" data-end=\"3686\">Pasuje do kontekstu strony linkuj\u0105cej<\/p><\/li><\/ul><p data-start=\"3688\" data-end=\"3844\">Mo\u017cemy rozwa\u017cy\u0107 i zatwierdzi\u0107 inne pro\u015bby o link z popularnych \u017ar\u00f3de\u0142 informacji konsumenckich i biznesowych, pod warunkiem, \u017ce link nie b\u0119dzie niekorzystny dla nas.<\/p>\t\t\t\t\t\t\t\t<\/div>\n\t\t\t\t<div class=\"elementor-element elementor-element-5a3d8ec elementor-widget elementor-widget-heading\" data-id=\"5a3d8ec\" data-element_type=\"widget\" data-e-type=\"widget\" data-widget_type=\"heading.default\">\n\t\t\t\t\t<div class=\"elementor-heading-title elementor-size-default\">iFrames<\/div>\t\t\t\t<\/div>\n\t\t\t\t<div class=\"elementor-element elementor-element-a467d3a elementor-widget elementor-widget-text-editor\" data-id=\"a467d3a\" data-element_type=\"widget\" data-e-type=\"widget\" data-widget_type=\"text-editor.default\">\n\t\t\t\t\t\t\t\t\t<p data-start=\"335\" data-end=\"365\">Bez uprzedniej zgody i pisemnego zezwolenia u\u017cytkownik nie mo\u017ce tworzy\u0107 ramek wok\u00f3\u0142 naszych stron internetowych, kt\u00f3re w jakikolwiek spos\u00f3b zmieniaj\u0105 wizualn\u0105 prezentacj\u0119 lub wygl\u0105d naszej witryny.<\/p>\t\t\t\t\t\t\t\t<\/div>\n\t\t\t\t<div class=\"elementor-element elementor-element-6ac6ed1 elementor-widget elementor-widget-heading\" data-id=\"6ac6ed1\" data-element_type=\"widget\" data-e-type=\"widget\" data-widget_type=\"heading.default\">\n\t\t\t\t\t<div class=\"elementor-heading-title elementor-size-default\">Odpowiedzialno\u015b\u0107 za tre\u015b\u0107<\/div>\t\t\t\t<\/div>\n\t\t\t\t<div class=\"elementor-element elementor-element-5d52f55 elementor-widget elementor-widget-text-editor\" data-id=\"5d52f55\" data-element_type=\"widget\" data-e-type=\"widget\" data-widget_type=\"text-editor.default\">\n\t\t\t\t\t\t\t\t\t<p data-start=\"4060\" data-end=\"4217\">Nie ponosimy odpowiedzialno\u015bci za jakiekolwiek tre\u015bci pojawiaj\u0105ce si\u0119 w witrynie u\u017cytkownika. U\u017cytkownik zgadza si\u0119 chroni\u0107 i broni\u0107 nas przed wszelkimi roszczeniami wynikaj\u0105cymi z jego witryny internetowej.<\/p><p data-start=\"4219\" data-end=\"4369\">\u017badne linki nie powinny pojawia\u0107 si\u0119 na stronach internetowych, kt\u00f3re mog\u0105 by\u0107 interpretowane jako znies\u0142awiaj\u0105ce, obsceniczne, przest\u0119pcze lub naruszaj\u0105ce prawa os\u00f3b trzecich.<\/p>\t\t\t\t\t\t\t\t<\/div>\n\t\t\t\t<div class=\"elementor-element elementor-element-3dccdd5 elementor-widget elementor-widget-heading\" data-id=\"3dccdd5\" data-element_type=\"widget\" data-e-type=\"widget\" data-widget_type=\"heading.default\">\n\t\t\t\t\t<div class=\"elementor-heading-title elementor-size-default\">Prywatno\u015b\u0107 u\u017cytkownika<\/div>\t\t\t\t<\/div>\n\t\t\t\t<div class=\"elementor-element elementor-element-e6136a7 elementor-widget elementor-widget-text-editor\" data-id=\"e6136a7\" data-element_type=\"widget\" data-e-type=\"widget\" data-widget_type=\"text-editor.default\">\n\t\t\t\t\t\t\t\t\t<p data-start=\"335\" data-end=\"365\">Prosimy o zapoznanie si\u0119 z nasz\u0105 <a href=\"http:\/\/futamuragroup.com\/wp-content\/uploads\/2026\/01\/Corporate-Policy.pdf\" target=\"_blank\" rel=\"noopener\"><strong data-start=\"4409\" data-end=\"4427\">Polityka prywatno\u015bci<\/strong><\/a> aby uzyska\u0107 szczeg\u00f3\u0142owe informacje na temat sposobu gromadzenia i wykorzystywania danych.<\/p>\t\t\t\t\t\t\t\t<\/div>\n\t\t\t\t<div class=\"elementor-element elementor-element-d2ca374 elementor-widget elementor-widget-heading\" data-id=\"d2ca374\" data-element_type=\"widget\" data-e-type=\"widget\" data-widget_type=\"heading.default\">\n\t\t\t\t\t<div class=\"elementor-heading-title elementor-size-default\">Zastrze\u017cenie praw<\/div>\t\t\t\t<\/div>\n\t\t\t\t<div class=\"elementor-element elementor-element-8d617b2 elementor-widget elementor-widget-text-editor\" data-id=\"8d617b2\" data-element_type=\"widget\" data-e-type=\"widget\" data-widget_type=\"text-editor.default\">\n\t\t\t\t\t\t\t\t\t<p data-start=\"4517\" data-end=\"4669\">Zastrzegamy sobie prawo do za\u017c\u0105dania od u\u017cytkownika usuni\u0119cia wszystkich link\u00f3w lub poszczeg\u00f3lnych link\u00f3w do naszej Witryny. U\u017cytkownik zgadza si\u0119 niezw\u0142ocznie usun\u0105\u0107 wszystkie \u0142\u0105cza na \u017c\u0105danie.<\/p><p data-start=\"4671\" data-end=\"4880\">Zastrzegamy sobie r\u00f3wnie\u017c prawo do zmiany niniejszych warunk\u00f3w i zasad w dowolnym momencie. Poprzez ci\u0105g\u0142e linkowanie do naszej Witryny, u\u017cytkownik wyra\u017ca zgod\u0119 na przestrzeganie niniejszych zasad i warunk\u00f3w linkowania.<\/p>\t\t\t\t\t\t\t\t<\/div>\n\t\t\t\t<div class=\"elementor-element elementor-element-69e5b47 elementor-widget elementor-widget-heading\" data-id=\"69e5b47\" data-element_type=\"widget\" data-e-type=\"widget\" data-widget_type=\"heading.default\">\n\t\t\t\t\t<div class=\"elementor-heading-title elementor-size-default\">Zastrze\u017cenie<\/div>\t\t\t\t<\/div>\n\t\t\t\t<div class=\"elementor-element elementor-element-15bbb37 elementor-widget elementor-widget-text-editor\" data-id=\"15bbb37\" data-element_type=\"widget\" data-e-type=\"widget\" data-widget_type=\"text-editor.default\">\n\t\t\t\t\t\t\t\t\t<p data-start=\"4902\" data-end=\"5064\">W maksymalnym zakresie dozwolonym przez obowi\u0105zuj\u0105ce prawo wy\u0142\u0105czamy wszelkie o\u015bwiadczenia, gwarancje i warunki zwi\u0105zane z nasz\u0105 witryn\u0105 internetow\u0105 i korzystaniem z niej.<\/p><p data-start=\"5066\" data-end=\"5098\">\u017badne z postanowie\u0144 niniejszego wy\u0142\u0105czenia odpowiedzialno\u015bci nie ma zastosowania:<\/p><ul data-start=\"5099\" data-end=\"5316\"><li data-start=\"5099\" data-end=\"5170\"><p data-start=\"5101\" data-end=\"5170\">ograniczy\u0107 lub wykluczy\u0107 nasz\u0105 lub u\u017cytkownika odpowiedzialno\u015b\u0107 za \u015bmier\u0107 lub obra\u017cenia cia\u0142a<\/p><\/li><li data-start=\"5171\" data-end=\"5255\"><p data-start=\"5173\" data-end=\"5255\">ograniczy\u0107 lub wykluczy\u0107 nasz\u0105 lub u\u017cytkownika odpowiedzialno\u015b\u0107 za oszustwo lub \u015bwiadome wprowadzenie w b\u0142\u0105d<\/p><\/li><li data-start=\"5256\" data-end=\"5316\"><p data-start=\"5258\" data-end=\"5316\">Ograniczenie wszelkich zobowi\u0105za\u0144 niedozwolonych na mocy obowi\u0105zuj\u0105cego prawa<\/p><\/li><\/ul><p data-start=\"5318\" data-end=\"5477\">Tak d\u0142ugo, jak strona internetowa oraz informacje i us\u0142ugi na stronie internetowej s\u0105 dostarczane bezp\u0142atnie, nie ponosimy odpowiedzialno\u015bci za jakiekolwiek straty lub szkody jakiegokolwiek rodzaju.<\/p>\t\t\t\t\t\t\t\t<\/div>\n\t\t\t\t\t<\/div>\n\t\t\t\t<\/div>\n\t\t\t\t<\/div>","protected":false},"excerpt":{"rendered":"<p>Terms and Conditions Terms and Conditions for Futamura Group Welcome to Futamura Group! These terms and conditions outline the rules and regulations for the use of Futamura Group\u2019s Website, located at www.futamuragroup.com. By accessing this website, we assume you accept these terms and conditions. Do not continue to use Futamura Group if you do not [&hellip;]<\/p>\n","protected":false},"author":2,"featured_media":0,"parent":0,"menu_order":0,"comment_status":"closed","ping_status":"closed","template":"","meta":{"_acf_changed":false,"footnotes":""},"class_list":["post-1757","page","type-page","status-publish","hentry"],"acf":[],"_links":{"self":[{"href":"https:\/\/www.futamuragroup.com\/pl\/wp-json\/wp\/v2\/pages\/1757","targetHints":{"allow":["GET"]}}],"collection":[{"href":"https:\/\/www.futamuragroup.com\/pl\/wp-json\/wp\/v2\/pages"}],"about":[{"href":"https:\/\/www.futamuragroup.com\/pl\/wp-json\/wp\/v2\/types\/page"}],"author":[{"embeddable":true,"href":"https:\/\/www.futamuragroup.com\/pl\/wp-json\/wp\/v2\/users\/2"}],"replies":[{"embeddable":true,"href":"https:\/\/www.futamuragroup.com\/pl\/wp-json\/wp\/v2\/comments?post=1757"}],"version-history":[{"count":14,"href":"https:\/\/www.futamuragroup.com\/pl\/wp-json\/wp\/v2\/pages\/1757\/revisions"}],"predecessor-version":[{"id":1824,"href":"https:\/\/www.futamuragroup.com\/pl\/wp-json\/wp\/v2\/pages\/1757\/revisions\/1824"}],"wp:attachment":[{"href":"https:\/\/www.futamuragroup.com\/pl\/wp-json\/wp\/v2\/media?parent=1757"}],"curies":[{"name":"wp","href":"https:\/\/api.w.org\/{rel}","templated":true}]}}